{"id":860,"date":"2020-06-05T06:07:07","date_gmt":"2020-06-05T06:07:07","guid":{"rendered":"https:\/\/munirakil.com\/blog-izgara-gorunumu\/"},"modified":"2023-09-19T07:10:18","modified_gmt":"2023-09-19T07:10:18","slug":"blog-izgara-gorunumu","status":"publish","type":"page","link":"https:\/\/munirakil.com\/tr\/blog-izgara-gorunumu\/","title":{"rendered":"Blog Izgara G\u00f6r\u00fcn\u00fcm\u00fc"},"content":{"rendered":"\t\t<div data-elementor-type=\"wp-page\" data-elementor-id=\"860\" class=\"elementor elementor-860 elementor-76\">\n\t\t\t\t\t\t<div class=\"elementor-section elementor-top-section elementor-element elementor-element-d937f83 pbmit-col-stretched-none pbmit-cursor-color-blackish-color pbmit-bg-color-over-image elementor-section-boxed elementor-section-height-default elementor-section-height-default\" data-id=\"d937f83\" data-element_type=\"section\" data-e-type=\"section\">\n\t\t\t\t\t\t<div class=\"elementor-container elementor-column-gap-no\">\n\t\t\t\t\t<div class=\"elementor-column elementor-col-100 elementor-top-column elementor-element elementor-element-e7d17d3 pbmit-bg-color-over-image\" data-id=\"e7d17d3\" data-element_type=\"column\" data-e-type=\"column\">\n\t\t\t<div class=\"elementor-widget-wrap elementor-element-populated\">\n\t\t\t\t\t\t<div class=\"elementor-element elementor-element-466ebc9 pbmit-align-center elementor-widget elementor-widget-pbmit_blog_element\" data-id=\"466ebc9\" data-element_type=\"widget\" data-e-type=\"widget\" data-widget_type=\"pbmit_blog_element.default\">\n\t\t\t\t<div class=\"elementor-widget-container\">\n\t\t\t\t\t\r\n\t\t<div class=\"pbminfotech-element pbminfotech-element-blog pbmit-element-blog-style-1 pbmit-element-viewtype-row-column pbmit-element-sticky-carousel-false pbminfotech-gap-30px pbmit-infinite-scroll-no pbmit-infinite-scroll-button-no\" data-cpt=\"blog\" data-totalpagination=\"1\" data-style=\"1\" data-show=\"9\" data-columns=\"3\" data-loop=\"false\" data-autoplay=\"false\" data-center=\"false\" data-nav=\"false\" data-dots=\"false\" data-reverse=\"false\" data-autoplayspeed=\"1000\" data-margin=\"30px\"><div class=\"pbmit-element-inner\"><div class=\"pbmit-infinite-scroll-data\">{\"cpt\":\"blog\",\"style\":\"1\",\"columns\":\"3\",\"show\":9,\"order\":\"DESC\",\"orderby\":\"DESC\"}<\/div>\t\t\t\t<div class=\"pbmit-ele-header-area\">\r\n\t\t\t\t\t\t<div class=\"pbmit-heading-subheading center pbmit-reverse-heading-yes animation-style1\"><\/div>\r\n\t\t\t\t\t\t\t\t\t<\/div>\r\n\r\n\t\t\t<div class=\"pbmit-element-posts-wrapper \">\r\n\t\t\t\t<div class=\"swiper-wrapper row multi-columns-row\">\r\n\r\n\t\t\t\t\t<article class=\"pbmit-ele pbmit-ele-blog pbmit-blog-style-1 col-md-4 kilavuzlar pbmit-odd pbmit-col-odd\"><div class=\"post-item\">\r\n\t<div class=\"pbmit-featured-container\">\r\n\t\t\t<\/div>\r\n\t<div class=\"pbminfotech-box-content\">\r\n\t\t<div class=\"pbmit-meta-container\">\r\n\t\t\t<span class=\"pbmit-date-wrapper pbmit-meta-line\">\r\n\t\t\t\t<span class=\"pbmit-post-date\">A\u011fustos . 29 . 2023<\/span>\r\n\t\t\t<\/span>\r\n\t\t\t<span class=\"pbmit-meta-category pbmit-meta-line\"><a href=\"https:\/\/munirakil.com\/tr\/.\/kilavuzlar\/\" rel=\"category tag\">K\u0131lavuzlar<\/a><\/span>\r\n\t\t<\/div>\r\n\t\t<div class=\"pbmit-box-content-wrapper\">\t\r\n\t\t\t<h3 class=\"pbmit-post-title\"><a href=\"https:\/\/munirakil.com\/tr\/kilavuzlar\/kuzey-kibrista-kktc-tasinmaz-mal-satin-almak-icin-rehberlik\/\">Kuzey K\u0131br\u0131s&#8217;ta (KKTC) ta\u015f\u0131nmaz mal sat\u0131n almak i\u00e7in rehberlik<\/a><\/h3>\r\n\t\t\t<div class=\"pbminfotech-box-desc-text\">\r\n\t\t\t\tKuzey K\u0131br\u0131s'ta ta\u015f\u0131nmaz mal sat\u0131n alma rehberine ho\u015f geldiniz. Nakil&hellip;\t\t\t<\/div>\r\n\t\t\t\t\t<\/div>\r\n\t<\/div>\r\n<\/div><\/article><article class=\"pbmit-ele pbmit-ele-blog pbmit-blog-style-1 col-md-4 faydali-bilgiler pbmit-even pbmit-col-odd\"><div class=\"post-item\">\r\n\t<div class=\"pbmit-featured-container\">\r\n\t\t\t<\/div>\r\n\t<div class=\"pbminfotech-box-content\">\r\n\t\t<div class=\"pbmit-meta-container\">\r\n\t\t\t<span class=\"pbmit-date-wrapper pbmit-meta-line\">\r\n\t\t\t\t<span class=\"pbmit-post-date\">A\u011fustos . 14 . 2023<\/span>\r\n\t\t\t<\/span>\r\n\t\t\t<span class=\"pbmit-meta-category pbmit-meta-line\"><a href=\"https:\/\/munirakil.com\/tr\/.\/faydali-bilgiler\/\" rel=\"category tag\">Faydal\u0131 Bilgiler<\/a><\/span>\r\n\t\t<\/div>\r\n\t\t<div class=\"pbmit-box-content-wrapper\">\t\r\n\t\t\t<h3 class=\"pbmit-post-title\"><a href=\"https:\/\/munirakil.com\/tr\/faydali-bilgiler\/kuzey-kibrista-resmi-tatiller\/\">Kuzey K\u0131br\u0131s&#8217;ta Resmi Tatiller<\/a><\/h3>\r\n\t\t\t<div class=\"pbminfotech-box-desc-text\">\r\n\t\t\t\tYakla\u015fan tatiller Kuzey K\u0131br\u0131s T\u00fcrk Cumhuriyeti 2023TarihHaftan\u0131n g\u00fcn\u00fcResmi tatil1 OcakPazarYeni&hellip;\t\t\t<\/div>\r\n\t\t\t\t\t<\/div>\r\n\t<\/div>\r\n<\/div><\/article><article class=\"pbmit-ele pbmit-ele-blog pbmit-blog-style-1 col-md-4 faydali-bilgiler pbmit-odd pbmit-col-odd\"><div class=\"post-item\">\r\n\t<div class=\"pbmit-featured-container\">\r\n\t\t\t<\/div>\r\n\t<div class=\"pbminfotech-box-content\">\r\n\t\t<div class=\"pbmit-meta-container\">\r\n\t\t\t<span class=\"pbmit-date-wrapper pbmit-meta-line\">\r\n\t\t\t\t<span class=\"pbmit-post-date\">A\u011fustos . 14 . 2023<\/span>\r\n\t\t\t<\/span>\r\n\t\t\t<span class=\"pbmit-meta-category pbmit-meta-line\"><a href=\"https:\/\/munirakil.com\/tr\/.\/faydali-bilgiler\/\" rel=\"category tag\">Faydal\u0131 Bilgiler<\/a><\/span>\r\n\t\t<\/div>\r\n\t\t<div class=\"pbmit-box-content-wrapper\">\t\r\n\t\t\t<h3 class=\"pbmit-post-title\"><a href=\"https:\/\/munirakil.com\/tr\/faydali-bilgiler\/mulk-satin-alirken-vergiler\/\">M\u00fclk Sat\u0131n Al\u0131rken Vergiler<\/a><\/h3>\r\n\t\t\t<div class=\"pbminfotech-box-desc-text\">\r\n\t\t\t\t\t\t\t<\/div>\r\n\t\t\t\t\t<\/div>\r\n\t<\/div>\r\n<\/div><\/article>\r\n\t\t\t\t<\/div> <!-- .swiper-wrapper -->\r\n\t\t\t<\/div> <!-- .pbmit-element-posts-wrapper -->\r\n\r\n\t\t\t\r\n\t\t\r\n\t\t\r\n\t\t<\/div><!-- .pbmit-element-inner -->   <\/div><!-- .pbminfotech-element -->  \r\n\t    \t\t\t\t<\/div>\n\t\t\t\t<\/div>\n\t\t\t\t\t<\/div>\n\t\t<\/div>\n\t\t\t\t\t<\/div>\n\t\t<\/div>\n\t\t\t\t<\/div>\n\t\t","protected":false},"excerpt":{"rendered":"<p>{&#8220;cpt&#8221;:&#8221;blog&#8221;,&#8221;style&#8221;:&#8221;1&#8243;,&#8221;columns&#8221;:&#8221;3&#8243;,&#8221;show&#8221;:9,&#8221;order&#8221;:&#8221;DESC&#8221;,&#8221;orderby&#8221;:&#8221;DESC&#8221;} May . 17 . 2022 Child Law Divorce in the UK today Performance marketing may involve using various types of digital marketing&hellip; April . 25 . 2022 Family Law Week family law Domestic Performance marketing may involve using various types of digital marketing&hellip; April . 08 . 2022 Criminal Law Flexibility of marriage in [&hellip;]<\/p>\n","protected":false},"author":1,"featured_media":0,"parent":0,"menu_order":15,"comment_status":"closed","ping_status":"closed","template":"","meta":{"_acf_changed":false,"_themeisle_gutenberg_block_has_review":false,"footnotes":""},"class_list":["post-860","page","type-page","status-publish","hentry"],"acf":[],"_links":{"self":[{"href":"https:\/\/munirakil.com\/tr\/wp-json\/wp\/v2\/pages\/860","targetHints":{"allow":["GET"]}}],"collection":[{"href":"https:\/\/munirakil.com\/tr\/wp-json\/wp\/v2\/pages"}],"about":[{"href":"https:\/\/munirakil.com\/tr\/wp-json\/wp\/v2\/types\/page"}],"author":[{"embeddable":true,"href":"https:\/\/munirakil.com\/tr\/wp-json\/wp\/v2\/users\/1"}],"replies":[{"embeddable":true,"href":"https:\/\/munirakil.com\/tr\/wp-json\/wp\/v2\/comments?post=860"}],"version-history":[{"count":1,"href":"https:\/\/munirakil.com\/tr\/wp-json\/wp\/v2\/pages\/860\/revisions"}],"predecessor-version":[{"id":863,"href":"https:\/\/munirakil.com\/tr\/wp-json\/wp\/v2\/pages\/860\/revisions\/863"}],"wp:attachment":[{"href":"https:\/\/munirakil.com\/tr\/wp-json\/wp\/v2\/media?parent=860"}],"curies":[{"name":"wp","href":"https:\/\/api.w.org\/{rel}","templated":true}]}}