{"id":858,"date":"2023-07-06T12:28:38","date_gmt":"2023-07-06T12:28:38","guid":{"rendered":"https:\/\/munirakil.com\/bizim-takimimiz\/"},"modified":"2023-09-19T12:19:16","modified_gmt":"2023-09-19T12:19:16","slug":"bizim-takimimiz","status":"publish","type":"page","link":"https:\/\/munirakil.com\/tr\/bizim-takimimiz\/","title":{"rendered":"Tak\u0131m\u0131m\u0131z"},"content":{"rendered":"\t\t<div data-elementor-type=\"wp-page\" data-elementor-id=\"858\" class=\"elementor elementor-858 elementor-508\">\n\t\t\t\t\t\t<section class=\"elementor-section elementor-top-section elementor-element elementor-element-49cd67e pbmit-col-stretched-none pbmit-cursor-color-blackish-color pbmit-bg-color-over-image elementor-section-boxed elementor-section-height-default elementor-section-height-default\" data-id=\"49cd67e\" data-element_type=\"section\" data-e-type=\"section\">\n\t\t\t\t\t\t<div class=\"elementor-container elementor-column-gap-default\">\n\t\t\t\t\t<div class=\"elementor-column elementor-col-100 elementor-top-column elementor-element elementor-element-eea1710 pbmit-bg-color-over-image\" data-id=\"eea1710\" data-element_type=\"column\" data-e-type=\"column\">\n\t\t\t<div class=\"elementor-widget-wrap elementor-element-populated\">\n\t\t\t\t\t\t<div class=\"elementor-element elementor-element-107c49a pbmit-align-left elementor-widget elementor-widget-pbmit_heading\" data-id=\"107c49a\" data-element_type=\"widget\" data-e-type=\"widget\" data-widget_type=\"pbmit_heading.default\">\n\t\t\t\t<div class=\"elementor-widget-container\">\n\t\t\t\t\t\t<div class=\"pbmit-heading-subheading left  animation-style1\"><h2 class=\"pbmit-element-title\">\r\n\t\t\t\r\n\t\t\t\tMunir Akil\r\n\t\t\t\r\n\t\t\t<\/h2>\r\n\t\t<h4 class=\"pbmit-element-subtitle\"><span>\r\n\t\t\t<\/span>\r\n\t\t\t\r\n\t\t\t\tHukuk B\u00fcrosu'na Ho\u015fgeldiniz\r\n\t\t\t\r\n\t\t\t<\/h4>\r\n\t\t<\/div>\t\t\t\t<\/div>\n\t\t\t\t<\/div>\n\t\t\t\t<div class=\"elementor-element elementor-element-1b44295 elementor-widget elementor-widget-text-editor\" data-id=\"1b44295\" data-element_type=\"widget\" data-e-type=\"widget\" data-widget_type=\"text-editor.default\">\n\t\t\t\t<div class=\"elementor-widget-container\">\n\t\t\t\t\t\t\t\t\t<p>Onlarca y\u0131ll\u0131k deneyime sahip olan ekibimiz, kendini birinci s\u0131n\u0131f hukuki hizmetler sunmaya ve m\u00fcvekkillerimiz i\u00e7in olumlu sonu\u00e7lar elde etmeye adam\u0131\u015ft\u0131r. Munir Akil Hukuk B\u00fcrosu&#8217;nda hukuk uzmanlar\u0131ndan olu\u015fan de\u011ferli ekibimiz, Kuzey K\u0131br\u0131s&#8217;ta kar\u015f\u0131la\u015fabilece\u011finiz her t\u00fcrl\u00fc hukuki konuda size yard\u0131mc\u0131 olmaya kendini adam\u0131\u015ft\u0131r. Vekaletname haz\u0131rlanmas\u0131 gibi temel hizmetlerden karma\u015f\u0131k hukuki sorunlar\u0131n ele al\u0131nmas\u0131na kadar, Kuzey K\u0131br\u0131s&#8217;ta ya\u015fayabilece\u011finiz her t\u00fcrl\u00fc sorunda s\u00fcrecin her ad\u0131m\u0131nda size destek olmak i\u00e7in buraday\u0131z. Munir Akil Hukuk B\u00fcrosu olarak, farkl\u0131 ge\u00e7mi\u015flerden ve milletlerden m\u00fcvekkillere hizmet vermekten gurur duyuyoruz. Etkili ileti\u015fim sa\u011flamak i\u00e7in ekibimiz \u0130ngilizce, T\u00fcrk\u00e7e ve Rus\u00e7a dillerini ak\u0131c\u0131 bir \u015fekilde konu\u015fmaktad\u0131r. Bu sayede, uluslararas\u0131 m\u00fcvekkillerimize ki\u015fiselle\u015ftirilmi\u015f hukuki dan\u0131\u015fmanl\u0131k hizmeti sunarak, hukuki s\u00fcre\u00e7leri ve sonu\u00e7lar\u0131n\u0131 tercih ettikleri dilde tam olarak anlamalar\u0131n\u0131 sa\u011fl\u0131yoruz.<\/p>\n<p>Ekibimiz, hukukun \u00e7e\u015fitli alanlar\u0131nda uzmanla\u015fm\u0131\u015f, son derece yetenekli ve bilgili avukatlardan olu\u015fmaktad\u0131r. \u015eirketler hukuku, m\u00fclkiyet hukuku, medeni hukuk ve fikri m\u00fclkiyetten aile hukukuna kadar geni\u015f bir yelpazeye yay\u0131lan uzmanl\u0131\u011f\u0131m\u0131z, \u00e7ok \u00e7e\u015fitli hukuki konular\u0131 hassasiyet ve uzmanl\u0131kla ele almam\u0131z\u0131 sa\u011flamaktad\u0131r.<\/p>\n<p>Her m\u00fc\u015fterimizin benzersiz oldu\u011funu biliyor ve onlar\u0131n endi\u015felerini, hedeflerini ve \u00f6nceliklerini dikkatle dinlemek i\u00e7in zaman ay\u0131r\u0131yoruz. \u0130\u015fbirli\u011fi, ekip dinami\u011fimizin merkezinde yer al\u0131r. Adaletin savunucular\u0131 olarak, her davaya d\u00fcr\u00fcstl\u00fck, titizlik ve yorulmak bilmeyen bir i\u015f ahlak\u0131 ile m\u00fcvekkillerimizin \u00e7\u0131karlar\u0131n\u0131 en iyi \u015fekilde g\u00f6zeterek yakla\u015f\u0131yoruz.<\/p>\n<p>Ekibimizi se\u00e7ti\u011finizde emin ellerde oldu\u011funuzdan emin olabilirsiniz. Kuzey K\u0131br\u0131s&#8217;taki hukuk sisteminin karma\u015f\u0131kl\u0131\u011f\u0131n\u0131 sizin ad\u0131n\u0131za a\u015fmaya, her ad\u0131mda size sars\u0131lmaz bir \u00f6zveri ve uzmanl\u0131kla rehberlik etmeye haz\u0131r\u0131z. Bir kons\u00fcltasyon planlamak ve ekibimizin sizin i\u00e7in yaratabilece\u011fi fark\u0131 deneyimlemek i\u00e7in bug\u00fcn bize ula\u015f\u0131n.<\/p>\n<p>M\u00fclkiyet i\u015flemleri, ta\u015f\u0131nma, vasiyetname yaz\u0131m\u0131, vasiyetname konular\u0131, medeni hukuk uyu\u015fmazl\u0131klar\u0131 veya aile konular\u0131nda yard\u0131ma ihtiyac\u0131n\u0131z olsun, Munir Akil&#8217;deki ekibimiz size rehberlik etmek i\u00e7in burada. Dan\u0131\u015fma i\u00e7in bug\u00fcn bize ula\u015f\u0131n ve ekibimizin kar\u015f\u0131la\u015fabilece\u011finiz her t\u00fcrl\u00fc yasal zorlu\u011fun \u00e7\u00f6z\u00fcm\u00fcnde size yard\u0131mc\u0131 olmas\u0131na izin verin.<\/p>\n\t\t\t\t\t\t\t\t<\/div>\n\t\t\t\t<\/div>\n\t\t\t\t\t<\/div>\n\t\t<\/div>\n\t\t\t\t\t<\/div>\n\t\t<\/section>\n\t\t\t\t<section class=\"elementor-section elementor-top-section elementor-element elementor-element-4f1f2a0 pbmit-col-stretched-both elementor-section-full_width pbmit-cursor-color-blackish-color pbmit-bg-color-over-image elementor-section-height-default elementor-section-height-default\" data-id=\"4f1f2a0\" data-element_type=\"section\" data-e-type=\"section\">\n\t\t\t\t\t\t<div class=\"elementor-container elementor-column-gap-default\">\n\t\t\t\t\t<div class=\"elementor-column elementor-col-100 elementor-top-column elementor-element elementor-element-076705b pbmit-bg-color-over-image\" data-id=\"076705b\" data-element_type=\"column\" data-e-type=\"column\">\n\t\t\t<div class=\"elementor-widget-wrap elementor-element-populated\">\n\t\t\t\t\t\t<div class=\"elementor-element elementor-element-a111d32 pbmit-align-left elementor-widget elementor-widget-pbmit_team_element\" data-id=\"a111d32\" data-element_type=\"widget\" data-e-type=\"widget\" data-widget_type=\"pbmit_team_element.default\">\n\t\t\t\t<div class=\"elementor-widget-container\">\n\t\t\t\t\t\r\n\t\t<div class=\"pbminfotech-element pbminfotech-element-team pbmit-element-team-style-2 pbmit-element-viewtype-row-column pbmit-element-sticky-carousel-false pbminfotech-gap-15px pbmit-infinite-scroll-no pbmit-infinite-scroll-button-no\" data-cpt=\"team\" data-totalpagination=\"1\" data-style=\"2\" data-show=\"6\" data-columns=\"3\" data-loop=\"false\" data-autoplay=\"false\" data-center=\"false\" data-nav=\"false\" data-dots=\"false\" data-reverse=\"false\" data-autoplayspeed=\"1000\" data-margin=\"15px\"><div class=\"pbmit-element-inner\"><div class=\"pbmit-infinite-scroll-data\">{\"cpt\":\"team\",\"style\":\"2\",\"show\":\"6\",\"order\":\"DESC\",\"orderby\":\"none\"}<\/div>\r\n\t\t\t<div class=\"pbmit-ele-header-area\">\r\n\t\t\t\t\t<div class=\"pbmit-heading-subheading left  animation-style4\"><h2 class=\"pbmit-element-title\">\r\n\t\t\t\r\n\t\t\t\tTak\u0131m\u0131m\u0131z\r\n\t\t\t\r\n\t\t\t<\/h2>\r\n\t\t<\/div>\r\n\t\t\t\t\r\n\t\t\t<\/div>\r\n\r\n\t\t\t<div class=\"pbmit-element-posts-wrapper \">\r\n\t\t\t\t<div class=\"swiper-wrapper row multi-columns-row\">\r\n\t\t\t\t\t<article class=\"pbmit-ele pbmit-ele-team pbmit-team-style-2   pbmit-odd pbmit-col-odd\"><div class=\"pbminfotech-post-item\">\r\n\t<div class=\"pbminfotech-team-image-box\">\r\n\t\t<div class=\"pbminfotech-box-social-links\">\r\n\t\t\t\t\t<\/div>\r\n\t\t<div class=\"pbmit-featured-img-wrapper\"><div class=\"pbmit-featured-wrapper\"><a href=\"https:\/\/munirakil.com\/tr\/team-member\/munir-akil\/\"><img fetchpriority=\"high\" decoding=\"async\" width=\"600\" height=\"600\" src=\"https:\/\/munirakil.com\/wp-content\/uploads\/2022\/10\/DSC_5710-scaled-e1685609832482-600x600.jpg\" class=\"attachment-pbmit-img-600x600 size-pbmit-img-600x600 wp-post-image\" alt=\"\" srcset=\"https:\/\/munirakil.com\/wp-content\/uploads\/2022\/10\/DSC_5710-scaled-e1685609832482-600x600.jpg 600w, https:\/\/munirakil.com\/wp-content\/uploads\/2022\/10\/DSC_5710-scaled-e1685609832482-150x150.jpg 150w, https:\/\/munirakil.com\/wp-content\/uploads\/2022\/10\/DSC_5710-scaled-e1685609832482-300x300.jpg 300w, https:\/\/munirakil.com\/wp-content\/uploads\/2022\/10\/DSC_5710-scaled-e1685609832482-500x500.jpg 500w, https:\/\/munirakil.com\/wp-content\/uploads\/2022\/10\/DSC_5710-scaled-e1685609832482-770x770.jpg 770w\" sizes=\"(max-width: 600px) 100vw, 600px\" \/><\/a><\/div><\/div>\t<\/div>\r\n\t<div class=\"pbminfotech-box-content\">\r\n\t\t<div class=\"pbminfotech-box-content-inner\">\r\n\t\t\t<h3 class=\"pbmit-team-title\"><a href=\"https:\/\/munirakil.com\/tr\/team-member\/munir-akil\/\">M\u00fcnir Akil<\/a><\/h3>\r\n\t\t\t<div class=\"pbminfotech-team-position\">\r\n\t\t\t\t\t\t<div class=\"pbminfotech-box-team-position\">Barrister-at-Law \/ Avukat ve Kurucu Ortak<\/div>\r\n\t\t\t\t\t<\/div>\r\n\t\t<\/div>\r\n\t<\/div>\r\n<\/div><\/article><article class=\"pbmit-ele pbmit-ele-team pbmit-team-style-2   pbmit-even pbmit-col-odd\"><div class=\"pbminfotech-post-item\">\r\n\t<div class=\"pbminfotech-team-image-box\">\r\n\t\t<div class=\"pbminfotech-box-social-links\">\r\n\t\t\t\t\t<\/div>\r\n\t\t<div class=\"pbmit-featured-img-wrapper\"><div class=\"pbmit-featured-wrapper\"><a href=\"https:\/\/munirakil.com\/tr\/team-member\/bilgay-akil\/\"><img decoding=\"async\" width=\"600\" height=\"600\" src=\"https:\/\/munirakil.com\/wp-content\/uploads\/2023\/07\/DSC_5704_2-scaled-e1690270263362-600x600.jpg\" class=\"attachment-pbmit-img-600x600 size-pbmit-img-600x600 wp-post-image\" alt=\"\" srcset=\"https:\/\/munirakil.com\/wp-content\/uploads\/2023\/07\/DSC_5704_2-scaled-e1690270263362-600x600.jpg 600w, https:\/\/munirakil.com\/wp-content\/uploads\/2023\/07\/DSC_5704_2-scaled-e1690270263362-150x150.jpg 150w, https:\/\/munirakil.com\/wp-content\/uploads\/2023\/07\/DSC_5704_2-scaled-e1690270263362-300x300.jpg 300w, https:\/\/munirakil.com\/wp-content\/uploads\/2023\/07\/DSC_5704_2-scaled-e1690270263362-500x500.jpg 500w, https:\/\/munirakil.com\/wp-content\/uploads\/2023\/07\/DSC_5704_2-scaled-e1690270263362-770x770.jpg 770w\" sizes=\"(max-width: 600px) 100vw, 600px\" \/><\/a><\/div><\/div>\t<\/div>\r\n\t<div class=\"pbminfotech-box-content\">\r\n\t\t<div class=\"pbminfotech-box-content-inner\">\r\n\t\t\t<h3 class=\"pbmit-team-title\"><a href=\"https:\/\/munirakil.com\/tr\/team-member\/bilgay-akil\/\">Bilgay Akil<\/a><\/h3>\r\n\t\t\t<div class=\"pbminfotech-team-position\">\r\n\t\t\t\t\t\t<div class=\"pbminfotech-box-team-position\">Avukat ve Ortak<\/div>\r\n\t\t\t\t\t<\/div>\r\n\t\t<\/div>\r\n\t<\/div>\r\n<\/div><\/article><article class=\"pbmit-ele pbmit-ele-team pbmit-team-style-2   pbmit-odd pbmit-col-odd\"><div class=\"pbminfotech-post-item\">\r\n\t<div class=\"pbminfotech-team-image-box\">\r\n\t\t<div class=\"pbminfotech-box-social-links\">\r\n\t\t\t\t\t<\/div>\r\n\t\t<div class=\"pbmit-featured-img-wrapper\"><div class=\"pbmit-featured-wrapper\"><a href=\"https:\/\/munirakil.com\/tr\/team-member\/yagmur-oranoglu\/\"><img decoding=\"async\" width=\"600\" height=\"600\" src=\"https:\/\/munirakil.com\/wp-content\/uploads\/2022\/10\/DSC_5698-scaled-e1685610021864-600x600.jpg\" class=\"attachment-pbmit-img-600x600 size-pbmit-img-600x600 wp-post-image\" alt=\"\" srcset=\"https:\/\/munirakil.com\/wp-content\/uploads\/2022\/10\/DSC_5698-scaled-e1685610021864-600x600.jpg 600w, https:\/\/munirakil.com\/wp-content\/uploads\/2022\/10\/DSC_5698-scaled-e1685610021864-150x150.jpg 150w, https:\/\/munirakil.com\/wp-content\/uploads\/2022\/10\/DSC_5698-scaled-e1685610021864-300x300.jpg 300w, https:\/\/munirakil.com\/wp-content\/uploads\/2022\/10\/DSC_5698-scaled-e1685610021864-500x500.jpg 500w, https:\/\/munirakil.com\/wp-content\/uploads\/2022\/10\/DSC_5698-scaled-e1685610021864-770x770.jpg 770w\" sizes=\"(max-width: 600px) 100vw, 600px\" \/><\/a><\/div><\/div>\t<\/div>\r\n\t<div class=\"pbminfotech-box-content\">\r\n\t\t<div class=\"pbminfotech-box-content-inner\">\r\n\t\t\t<h3 class=\"pbmit-team-title\"><a href=\"https:\/\/munirakil.com\/tr\/team-member\/yagmur-oranoglu\/\">Ya\u011fmur Orano\u011flu<\/a><\/h3>\r\n\t\t\t<div class=\"pbminfotech-team-position\">\r\n\t\t\t\t\t\t<div class=\"pbminfotech-box-team-position\">Avukat<\/div>\r\n\t\t\t\t\t<\/div>\r\n\t\t<\/div>\r\n\t<\/div>\r\n<\/div><\/article><article class=\"pbmit-ele pbmit-ele-team pbmit-team-style-2   pbmit-even pbmit-col-odd\"><div class=\"pbminfotech-post-item\">\r\n\t<div class=\"pbminfotech-team-image-box\">\r\n\t\t<div class=\"pbminfotech-box-social-links\">\r\n\t\t\t\t\t<\/div>\r\n\t\t<div class=\"pbmit-featured-img-wrapper\"><div class=\"pbmit-featured-wrapper\"><a href=\"https:\/\/munirakil.com\/tr\/team-member\/muge-kocatepe-cabacaba\/\"><img loading=\"lazy\" decoding=\"async\" width=\"600\" height=\"600\" src=\"https:\/\/munirakil.com\/wp-content\/uploads\/2023\/07\/DSC_5694-scaled-e1690270344447-600x600.jpg\" class=\"attachment-pbmit-img-600x600 size-pbmit-img-600x600 wp-post-image\" alt=\"\" srcset=\"https:\/\/munirakil.com\/wp-content\/uploads\/2023\/07\/DSC_5694-scaled-e1690270344447-600x600.jpg 600w, https:\/\/munirakil.com\/wp-content\/uploads\/2023\/07\/DSC_5694-scaled-e1690270344447-150x150.jpg 150w, https:\/\/munirakil.com\/wp-content\/uploads\/2023\/07\/DSC_5694-scaled-e1690270344447-300x300.jpg 300w, https:\/\/munirakil.com\/wp-content\/uploads\/2023\/07\/DSC_5694-scaled-e1690270344447-500x500.jpg 500w, https:\/\/munirakil.com\/wp-content\/uploads\/2023\/07\/DSC_5694-scaled-e1690270344447-770x770.jpg 770w\" sizes=\"(max-width: 600px) 100vw, 600px\" \/><\/a><\/div><\/div>\t<\/div>\r\n\t<div class=\"pbminfotech-box-content\">\r\n\t\t<div class=\"pbminfotech-box-content-inner\">\r\n\t\t\t<h3 class=\"pbmit-team-title\"><a href=\"https:\/\/munirakil.com\/tr\/team-member\/muge-kocatepe-cabacaba\/\">M\u00fcge Kocatepe Cabacaba<\/a><\/h3>\r\n\t\t\t<div class=\"pbminfotech-team-position\">\r\n\t\t\t\t\t\t<div class=\"pbminfotech-box-team-position\">Hukuk Asistan\u0131<\/div>\r\n\t\t\t\t\t<\/div>\r\n\t\t<\/div>\r\n\t<\/div>\r\n<\/div><\/article>\t\t\t\t<\/div> <!-- .swiper-wrapper -->\r\n\t\t\t\t\t\t\t<\/div>\r\n\t\t\t\r\n\t\t\r\n\t\t\r\n\t\t<\/div><!-- .pbmit-element-inner -->   <\/div><!-- .pbminfotech-element -->  \r\n\t    \t\t\t\t<\/div>\n\t\t\t\t<\/div>\n\t\t\t\t\t<\/div>\n\t\t<\/div>\n\t\t\t\t\t<\/div>\n\t\t<\/section>\n\t\t\t\t<\/div>\n\t\t","protected":false},"excerpt":{"rendered":"<p>Munir Akil Hukuk B\u00fcrosu&#8217;na Ho\u015fgeldiniz Onlarca y\u0131ll\u0131k deneyime sahip olan ekibimiz, kendini birinci s\u0131n\u0131f hukuki hizmetler sunmaya ve m\u00fcvekkillerimiz i\u00e7in olumlu sonu\u00e7lar elde etmeye adam\u0131\u015ft\u0131r. Munir Akil Hukuk B\u00fcrosu&#8217;nda hukuk uzmanlar\u0131ndan olu\u015fan de\u011ferli ekibimiz, Kuzey K\u0131br\u0131s&#8217;ta kar\u015f\u0131la\u015fabilece\u011finiz her t\u00fcrl\u00fc hukuki konuda size yard\u0131mc\u0131 olmaya kendini adam\u0131\u015ft\u0131r. Vekaletname haz\u0131rlanmas\u0131 gibi temel hizmetlerden karma\u015f\u0131k hukuki sorunlar\u0131n ele [&hellip;]<\/p>\n","protected":false},"author":1,"featured_media":0,"parent":0,"menu_order":0,"comment_status":"closed","ping_status":"closed","template":"","meta":{"_acf_changed":false,"_themeisle_gutenberg_block_has_review":false,"footnotes":""},"class_list":["post-858","page","type-page","status-publish","hentry"],"acf":[],"_links":{"self":[{"href":"https:\/\/munirakil.com\/tr\/wp-json\/wp\/v2\/pages\/858","targetHints":{"allow":["GET"]}}],"collection":[{"href":"https:\/\/munirakil.com\/tr\/wp-json\/wp\/v2\/pages"}],"about":[{"href":"https:\/\/munirakil.com\/tr\/wp-json\/wp\/v2\/types\/page"}],"author":[{"embeddable":true,"href":"https:\/\/munirakil.com\/tr\/wp-json\/wp\/v2\/users\/1"}],"replies":[{"embeddable":true,"href":"https:\/\/munirakil.com\/tr\/wp-json\/wp\/v2\/comments?post=858"}],"version-history":[{"count":9,"href":"https:\/\/munirakil.com\/tr\/wp-json\/wp\/v2\/pages\/858\/revisions"}],"predecessor-version":[{"id":1005,"href":"https:\/\/munirakil.com\/tr\/wp-json\/wp\/v2\/pages\/858\/revisions\/1005"}],"wp:attachment":[{"href":"https:\/\/munirakil.com\/tr\/wp-json\/wp\/v2\/media?parent=858"}],"curies":[{"name":"wp","href":"https:\/\/api.w.org\/{rel}","templated":true}]}}