{"id":854,"date":"2022-06-27T10:44:22","date_gmt":"2022-06-27T10:44:22","guid":{"rendered":"https:\/\/munirakil.com\/hakkimizda\/"},"modified":"2023-09-19T12:10:15","modified_gmt":"2023-09-19T12:10:15","slug":"hakkimizda","status":"publish","type":"page","link":"https:\/\/munirakil.com\/tr\/hakkimizda\/","title":{"rendered":"Hakk\u0131m\u0131zda"},"content":{"rendered":"\t\t<div data-elementor-type=\"wp-page\" data-elementor-id=\"854\" class=\"elementor elementor-854 elementor-75\">\n\t\t\t\t\t\t<section class=\"elementor-section elementor-top-section elementor-element elementor-element-8f18ea6 elementor-section-stretched pbmit-bg-color-yes pbmit-elementor-bg-color-white pbmit-col-stretched-none pbmit-cursor-color-blackish-color pbmit-bg-color-over-image elementor-section-boxed elementor-section-height-default elementor-section-height-default\" data-id=\"8f18ea6\" data-element_type=\"section\" data-e-type=\"section\" data-settings=\"{&quot;stretch_section&quot;:&quot;section-stretched&quot;,&quot;background_background&quot;:&quot;classic&quot;}\">\n\t\t\t\t\t\t<div class=\"elementor-container elementor-column-gap-no\">\n\t\t\t\t\t<div class=\"elementor-column elementor-col-50 elementor-top-column elementor-element elementor-element-771d16c pbmit-bg-color-over-image\" data-id=\"771d16c\" data-element_type=\"column\" data-e-type=\"column\">\n\t\t\t<div class=\"elementor-widget-wrap elementor-element-populated\">\n\t\t\t\t\t\t<div class=\"elementor-element elementor-element-63c5c13 pbmit-heading-style-1 pbmit-align-left elementor-widget elementor-widget-pbmit_heading\" data-id=\"63c5c13\" data-element_type=\"widget\" data-e-type=\"widget\" data-widget_type=\"pbmit_heading.default\">\n\t\t\t\t<div class=\"elementor-widget-container\">\n\t\t\t\t\t\t<div class=\"pbmit-heading-subheading left  animation-style2\"><h2 class=\"pbmit-element-title\">\r\n\t\t\t\r\n\t\t\t\tKuzey K\u0131br\u0131s Avukatlar, Ta\u015f\u0131nmaz Hukuk Uzmanlar\u0131 ve Hukuki Dan\u0131\u015fmanlar\r\n\t\t\t\r\n\t\t\t<\/h2>\r\n\t\t<div class=\"pbmit-heading-desc\"><p>Munir Akil Hukuk B\u00fcrosu, Kuzey K\u0131br\u0131s'\u0131n en b\u00fcy\u00fck ve en sayg\u0131n hukuk b\u00fcrolar\u0131ndan biridir. Firmam\u0131z son derece nitelikli, deneyimli ve \u00f6zverili bir kadroya sahiptir ve Kuzey K\u0131br\u0131s'\u0131n Girne \u015fehrinde bulunmaktad\u0131r. 51 y\u0131ldan fazla deneyime sahip Munir Akil Hukuk B\u00fcrosu, m\u00fclkiyet hukuku, dava hukuku, aile hukuku, \u015firket hukuku, kurumsal hukuk ve fikri m\u00fclkiyet hukuku dahil olmak \u00fczere \u00e7e\u015fitli alanlarda m\u00fckemmeliyet konusundaki bir \u00fcn kazanm\u0131\u015ft\u0131r.<\/p>\n<p>\nFirmam\u0131z \u00f6zellikle emlak ve m\u00fclkiyet hukuku konular\u0131nda uzmanla\u015fm\u0131\u015f olup, Kuzey K\u0131br\u0131s'taki konut ve ticari emlak yat\u0131r\u0131mlar\u0131 da dahil olmak \u00fczere Kuzey K\u0131br\u0131s'taki m\u00fclklerle ilgili ta\u015f\u0131nma i\u015flemlerine odaklanm\u0131\u015ft\u0131r. Ba\u015fta yabanc\u0131 uyruklular ve yabanc\u0131 yat\u0131r\u0131mc\u0131lar olmak \u00fczere m\u00fc\u015fterilere, T\u00fcrk Kuzey K\u0131br\u0131s Cumhuriyeti'ndeki t\u00fcm i\u015flemlerinde yard\u0131mc\u0131 oluyoruz. \u0130htiya\u00e7lar\u0131n\u0131z\u0131 anlama ve m\u00fclkiyetle ilgili konular\u0131 m\u00fcmk\u00fcn olan en sorunsuz \u015fekilde \u00e7\u00f6zmenize yard\u0131mc\u0131 olmak i\u00e7in y\u00fcksek kaliteli hukuki dan\u0131\u015fmanl\u0131k sunuyoruz. \u00dcst d\u00fczey m\u00fc\u015fteri hizmetine olan ba\u011fl\u0131l\u0131\u011f\u0131m\u0131z, sizi s\u00fcre\u00e7 boyunca d\u00fczenli olarak bilgilendirerek g\u00fcncellemeler sa\u011flama konusunda kendini g\u00f6sterir. <\/p><\/div><\/div>\t\t\t\t<\/div>\n\t\t\t\t<\/div>\n\t\t\t\t<div class=\"elementor-element elementor-element-6cc4a8f pbmit-animation-none elementor-widget elementor-widget-image\" data-id=\"6cc4a8f\" data-element_type=\"widget\" data-e-type=\"widget\" data-widget_type=\"image.default\">\n\t\t\t\t<div class=\"elementor-widget-container\">\n\t\t\t\t\t\t\t\t\t\t\t\t\t\t\t<img fetchpriority=\"high\" decoding=\"async\" width=\"2560\" height=\"1707\" src=\"https:\/\/munirakil.com\/wp-content\/uploads\/2022\/10\/DSC_5681-scaled.jpg\" class=\"attachment-full size-full wp-image-274\" alt=\"\" srcset=\"https:\/\/munirakil.com\/wp-content\/uploads\/2022\/10\/DSC_5681-scaled.jpg 2560w, https:\/\/munirakil.com\/wp-content\/uploads\/2022\/10\/DSC_5681-300x200.jpg 300w, https:\/\/munirakil.com\/wp-content\/uploads\/2022\/10\/DSC_5681-1024x683.jpg 1024w, https:\/\/munirakil.com\/wp-content\/uploads\/2022\/10\/DSC_5681-768x512.jpg 768w, https:\/\/munirakil.com\/wp-content\/uploads\/2022\/10\/DSC_5681-1536x1024.jpg 1536w, https:\/\/munirakil.com\/wp-content\/uploads\/2022\/10\/DSC_5681-2048x1365.jpg 2048w, https:\/\/munirakil.com\/wp-content\/uploads\/2022\/10\/DSC_5681-900x600.jpg 900w, https:\/\/munirakil.com\/wp-content\/uploads\/2022\/10\/DSC_5681-770x513.jpg 770w\" sizes=\"(max-width: 2560px) 100vw, 2560px\" \/>\t\t\t\t\t\t\t\t\t\t\t\t\t\t\t<\/div>\n\t\t\t\t<\/div>\n\t\t\t\t<div class=\"elementor-element elementor-element-c3875fe pbmit-animation-none elementor-widget elementor-widget-image\" data-id=\"c3875fe\" data-element_type=\"widget\" data-e-type=\"widget\" data-widget_type=\"image.default\">\n\t\t\t\t<div class=\"elementor-widget-container\">\n\t\t\t\t\t\t\t\t\t\t\t\t\t\t\t<img decoding=\"async\" width=\"2560\" height=\"1707\" src=\"https:\/\/munirakil.com\/wp-content\/uploads\/2022\/10\/DSC_5714-scaled.jpg\" class=\"attachment-full size-full wp-image-279\" alt=\"\" srcset=\"https:\/\/munirakil.com\/wp-content\/uploads\/2022\/10\/DSC_5714-scaled.jpg 2560w, https:\/\/munirakil.com\/wp-content\/uploads\/2022\/10\/DSC_5714-300x200.jpg 300w, https:\/\/munirakil.com\/wp-content\/uploads\/2022\/10\/DSC_5714-1024x683.jpg 1024w, https:\/\/munirakil.com\/wp-content\/uploads\/2022\/10\/DSC_5714-768x512.jpg 768w, https:\/\/munirakil.com\/wp-content\/uploads\/2022\/10\/DSC_5714-1536x1024.jpg 1536w, https:\/\/munirakil.com\/wp-content\/uploads\/2022\/10\/DSC_5714-2048x1365.jpg 2048w, https:\/\/munirakil.com\/wp-content\/uploads\/2022\/10\/DSC_5714-900x600.jpg 900w, https:\/\/munirakil.com\/wp-content\/uploads\/2022\/10\/DSC_5714-770x513.jpg 770w\" sizes=\"(max-width: 2560px) 100vw, 2560px\" \/>\t\t\t\t\t\t\t\t\t\t\t\t\t\t\t<\/div>\n\t\t\t\t<\/div>\n\t\t\t\t\t<\/div>\n\t\t<\/div>\n\t\t\t\t<div class=\"elementor-column elementor-col-50 elementor-top-column elementor-element elementor-element-507318b pbmit-bg-color-over-image\" data-id=\"507318b\" data-element_type=\"column\" data-e-type=\"column\">\n\t\t\t<div class=\"elementor-widget-wrap elementor-element-populated\">\n\t\t\t\t\t\t<div class=\"elementor-element elementor-element-58994ec elementor-widget elementor-widget-pbmit_fid_element\" data-id=\"58994ec\" data-element_type=\"widget\" data-e-type=\"widget\" data-widget_type=\"pbmit_fid_element.default\">\n\t\t\t\t<div class=\"elementor-widget-container\">\n\t\t\t\t\t<div class=\"pbminfotech-ele pbminfotech-ele-fid pbminfotech-ele-fid-style-1 \"><div class=\"pbmit-fld-contents\">\r\n\t<div class=\"pbmit-fld-wrap\">\r\n\t\t\t\t\t<div class=\"pbmit-fid-title\">Since<\/div>\r\n\t\t\t\t<h4 class=\"pbmit-fid-inner \">\r\n\t\t\t<span class=\"pbmit-fid\"><\/span>\r\n\t\t\t<span class=\"pbmit-number-rotate\" data-appear-animation=\"animateDigits\" data-from=\"0\" data-to=\"1972\" data-interval=\"10\" data-before=\"\" data-before-style=\"\" data-after=\"\" data-after-style=\"\">\r\n\t\t\t\t\t1972\t\t\t<\/span>\r\n\t\t\t<span class=\"pbmit-fid\"><\/span>\r\n\t\t<\/h4>\r\n\r\n\t<\/div>\r\n<\/div><!-- .pbmit-fld-contents --><\/div>\t\t\t\t<\/div>\n\t\t\t\t<\/div>\n\t\t\t\t<div class=\"elementor-element elementor-element-4db2688 pbmit-animation-style2 elementor-widget elementor-widget-image\" data-id=\"4db2688\" data-element_type=\"widget\" data-e-type=\"widget\" data-widget_type=\"image.default\">\n\t\t\t\t<div class=\"elementor-widget-container\">\n\t\t\t\t\t\t\t\t\t\t\t\t\t\t\t<img decoding=\"async\" width=\"1707\" height=\"2560\" src=\"https:\/\/munirakil.com\/wp-content\/uploads\/2023\/06\/DSC_5559-scaled.jpg\" class=\"attachment-full size-full wp-image-223\" alt=\"\" srcset=\"https:\/\/munirakil.com\/wp-content\/uploads\/2023\/06\/DSC_5559-scaled.jpg 1707w, https:\/\/munirakil.com\/wp-content\/uploads\/2023\/06\/DSC_5559-200x300.jpg 200w, https:\/\/munirakil.com\/wp-content\/uploads\/2023\/06\/DSC_5559-683x1024.jpg 683w, https:\/\/munirakil.com\/wp-content\/uploads\/2023\/06\/DSC_5559-768x1152.jpg 768w, https:\/\/munirakil.com\/wp-content\/uploads\/2023\/06\/DSC_5559-1024x1536.jpg 1024w, https:\/\/munirakil.com\/wp-content\/uploads\/2023\/06\/DSC_5559-1365x2048.jpg 1365w, https:\/\/munirakil.com\/wp-content\/uploads\/2023\/06\/DSC_5559-770x1155.jpg 770w\" sizes=\"(max-width: 1707px) 100vw, 1707px\" \/>\t\t\t\t\t\t\t\t\t\t\t\t\t\t\t<\/div>\n\t\t\t\t<\/div>\n\t\t\t\t<div class=\"elementor-element elementor-element-9092765 pbmit-heading-style-1 pbmit-align-left elementor-widget elementor-widget-pbmit_heading\" data-id=\"9092765\" data-element_type=\"widget\" data-e-type=\"widget\" data-widget_type=\"pbmit_heading.default\">\n\t\t\t\t<div class=\"elementor-widget-container\">\n\t\t\t\t\t\t<div class=\"pbmit-heading-subheading left  animation-style2\"><div class=\"pbmit-heading-desc\"><p>M\u00fc\u015fterilerimiz i\u00e7in en iyi sonuca ula\u015fmay\u0131 \u00f6nceliklendiriyoruz, bu nedenle Munir Akil Hukuk B\u00fcrosu, 1972 y\u0131l\u0131ndan bu yana Kuzey K\u0131br\u0131s ve yurtd\u0131\u015f\u0131ndaki bireyler ve i\u015fletmelerin g\u00fcvenini kazanm\u0131\u015ft\u0131r. Ekibimiz, \u0130ngiltere'de Solicitors olarak nitelendirilen ve ayn\u0131 zamanda T\u00fcrk K\u0131br\u0131s Barosu ve K\u0131br\u0131s Cumhuriyeti Barosu taraf\u0131ndan da yetkilendirilmi\u015f Avukatlar olan Barristers-at-Law, \u0130ngiltere'de yetkilendirilmi\u015f avukatlardan olu\u015fmaktad\u0131r. Munir Akil Hukuk B\u00fcrosu, m\u00fc\u015fterilerimiz i\u00e7in kesin kalitede i\u015f sunmaya kararl\u0131d\u0131r ve ana prensibimiz s\u0131k\u0131 gizliliktir. Personelimiz, \u0130ngilizce, T\u00fcrk\u00e7e, Rus\u00e7a ve Almanca'da y\u00fcksek kaliteli yard\u0131m sa\u011flayabilen profesyonellerden olu\u015fmaktad\u0131r. Merkez ofisimiz Girne'de bulunsa da, m\u00fc\u015fterilerimizin geni\u015f ihtiya\u00e7lar\u0131n\u0131 kar\u015f\u0131lamak i\u00e7in K\u0131br\u0131s genelinde ba\u011flant\u0131l\u0131 hukuk b\u00fcrolar\u0131m\u0131z bulunmaktad\u0131r.<\/p>\n\n<p>Yakla\u015f\u0131k 51 y\u0131ll\u0131k istikrarl\u0131 ve \u00f6zverili \u00e7al\u0131\u015fma ile hukuk b\u00fcromuz, d\u00fcnya genelinde bir\u00e7ok uluslararas\u0131 \u015firketle ba\u015far\u0131l\u0131 i\u015f ili\u015fkileri kurmu\u015ftur. Baz\u0131 dikkate de\u011fer \u00f6rnekler aras\u0131nda Coca-Cola ve T\u00fcrkiye'den Alarko, Net Holding, Merit Groups, Sabanc\u0131 Holding'e ba\u011fl\u0131 Kar\u00e7\u0131msa ve bir\u00e7ok di\u011fer m\u00fc\u015fteri bulunmaktad\u0131r.<\/p>\n\n<p>Munir Akil Hukuk B\u00fcrosu'nun kurucusu Barrister-at-Law unvan\u0131na sahip Say\u0131n M\u00fcnir Akil'dir. 1972 y\u0131l\u0131nda Baroya kabul edilen Say\u0131n Akil, \u00f6nde gelen bir ge\u00e7mi\u015fe sahiptir; Londra, Birle\u015fik Krall\u0131k'taki Crown Prosecution Services'te eski bir Savc\u0131 olarak g\u00f6rev yapm\u0131\u015f ve T\u00fcrk Kuzey K\u0131br\u0131s'\u0131n K\u0131demli B\u00f6lge Hakimi olarak emekli olmu\u015ftur.<\/p><\/div><\/div>\t\t\t\t<\/div>\n\t\t\t\t<\/div>\n\t\t\t\t\t<\/div>\n\t\t<\/div>\n\t\t\t\t\t<\/div>\n\t\t<\/section>\n\t\t\t\t<section class=\"elementor-section elementor-top-section elementor-element elementor-element-b284535 elementor-section-stretched elementor-section-full_width pbmit-col-stretched-none pbmit-cursor-color-blackish-color pbmit-bg-color-over-image elementor-section-height-default elementor-section-height-default\" data-id=\"b284535\" data-element_type=\"section\" data-e-type=\"section\" data-settings=\"{&quot;stretch_section&quot;:&quot;section-stretched&quot;}\">\n\t\t\t\t\t\t<div class=\"elementor-container elementor-column-gap-no\">\n\t\t\t\t\t<div class=\"elementor-column elementor-col-100 elementor-top-column elementor-element elementor-element-5939f28 pbmit-bg-color-over-image\" data-id=\"5939f28\" data-element_type=\"column\" data-e-type=\"column\">\n\t\t\t<div class=\"elementor-widget-wrap elementor-element-populated\">\n\t\t\t\t\t\t<div class=\"elementor-element elementor-element-4785395 pbmit-align-center pbmit-heading-style-1 elementor-invisible elementor-widget elementor-widget-pbmit_team_element\" data-id=\"4785395\" data-element_type=\"widget\" data-e-type=\"widget\" data-settings=\"{&quot;_animation&quot;:&quot;fadeIn&quot;}\" data-widget_type=\"pbmit_team_element.default\">\n\t\t\t\t<div class=\"elementor-widget-container\">\n\t\t\t\t\t\r\n\t\t<div class=\"pbminfotech-element pbminfotech-element-team pbmit-element-team-style-2 pbmit-element-viewtype-row-column pbmit-element-sticky-carousel-false pbminfotech-gap-15px pbmit-infinite-scroll-no pbmit-infinite-scroll-button-no\" data-cpt=\"team\" data-totalpagination=\"1\" data-style=\"2\" data-show=\"4\" data-columns=\"3\" data-loop=\"false\" data-autoplay=\"false\" data-center=\"false\" data-nav=\"false\" data-dots=\"false\" data-reverse=\"false\" data-autoplayspeed=\"1000\" data-margin=\"15px\"><div class=\"pbmit-element-inner\"><div class=\"pbmit-infinite-scroll-data\">{\"cpt\":\"team\",\"style\":\"2\",\"show\":4,\"order\":\"DESC\",\"orderby\":\"none\"}<\/div>\r\n\t\t\t<div class=\"pbmit-ele-header-area\">\r\n\t\t\t\t\t<div class=\"pbmit-heading-subheading center  animation-style1\"><h2 class=\"pbmit-element-title\">\r\n\t\t\t\r\n\t\t\t\tTak\u0131m\u0131m\u0131z ile Tan\u0131\u015f\u0131n\r\n\t\t\t\r\n\t\t\t<\/h2>\r\n\t\t<\/div>\r\n\t\t\t\t\r\n\t\t\t<\/div>\r\n\r\n\t\t\t<div class=\"pbmit-element-posts-wrapper \">\r\n\t\t\t\t<div class=\"swiper-wrapper row multi-columns-row\">\r\n\t\t\t\t\t<article class=\"pbmit-ele pbmit-ele-team pbmit-team-style-2   pbmit-odd pbmit-col-odd\"><div class=\"pbminfotech-post-item\">\r\n\t<div class=\"pbminfotech-team-image-box\">\r\n\t\t<div class=\"pbminfotech-box-social-links\">\r\n\t\t\t\t\t<\/div>\r\n\t\t<div class=\"pbmit-featured-img-wrapper\"><div class=\"pbmit-featured-wrapper\"><a href=\"https:\/\/munirakil.com\/tr\/team-member\/munir-akil\/\"><img loading=\"lazy\" decoding=\"async\" width=\"600\" height=\"600\" src=\"https:\/\/munirakil.com\/wp-content\/uploads\/2022\/10\/DSC_5710-scaled-e1685609832482-600x600.jpg\" class=\"attachment-pbmit-img-600x600 size-pbmit-img-600x600 wp-post-image\" alt=\"\" srcset=\"https:\/\/munirakil.com\/wp-content\/uploads\/2022\/10\/DSC_5710-scaled-e1685609832482-600x600.jpg 600w, https:\/\/munirakil.com\/wp-content\/uploads\/2022\/10\/DSC_5710-scaled-e1685609832482-150x150.jpg 150w, https:\/\/munirakil.com\/wp-content\/uploads\/2022\/10\/DSC_5710-scaled-e1685609832482-300x300.jpg 300w, https:\/\/munirakil.com\/wp-content\/uploads\/2022\/10\/DSC_5710-scaled-e1685609832482-500x500.jpg 500w, https:\/\/munirakil.com\/wp-content\/uploads\/2022\/10\/DSC_5710-scaled-e1685609832482-770x770.jpg 770w\" sizes=\"(max-width: 600px) 100vw, 600px\" \/><\/a><\/div><\/div>\t<\/div>\r\n\t<div class=\"pbminfotech-box-content\">\r\n\t\t<div class=\"pbminfotech-box-content-inner\">\r\n\t\t\t<h3 class=\"pbmit-team-title\"><a href=\"https:\/\/munirakil.com\/tr\/team-member\/munir-akil\/\">M\u00fcnir Akil<\/a><\/h3>\r\n\t\t\t<div class=\"pbminfotech-team-position\">\r\n\t\t\t\t\t\t<div class=\"pbminfotech-box-team-position\">Barrister-at-Law \/ Avukat ve Kurucu Ortak<\/div>\r\n\t\t\t\t\t<\/div>\r\n\t\t<\/div>\r\n\t<\/div>\r\n<\/div><\/article><article class=\"pbmit-ele pbmit-ele-team pbmit-team-style-2   pbmit-even pbmit-col-odd\"><div class=\"pbminfotech-post-item\">\r\n\t<div class=\"pbminfotech-team-image-box\">\r\n\t\t<div class=\"pbminfotech-box-social-links\">\r\n\t\t\t\t\t<\/div>\r\n\t\t<div class=\"pbmit-featured-img-wrapper\"><div class=\"pbmit-featured-wrapper\"><a href=\"https:\/\/munirakil.com\/tr\/team-member\/bilgay-akil\/\"><img loading=\"lazy\" decoding=\"async\" width=\"600\" height=\"600\" src=\"https:\/\/munirakil.com\/wp-content\/uploads\/2023\/07\/DSC_5704_2-scaled-e1690270263362-600x600.jpg\" class=\"attachment-pbmit-img-600x600 size-pbmit-img-600x600 wp-post-image\" alt=\"\" srcset=\"https:\/\/munirakil.com\/wp-content\/uploads\/2023\/07\/DSC_5704_2-scaled-e1690270263362-600x600.jpg 600w, https:\/\/munirakil.com\/wp-content\/uploads\/2023\/07\/DSC_5704_2-scaled-e1690270263362-150x150.jpg 150w, https:\/\/munirakil.com\/wp-content\/uploads\/2023\/07\/DSC_5704_2-scaled-e1690270263362-300x300.jpg 300w, https:\/\/munirakil.com\/wp-content\/uploads\/2023\/07\/DSC_5704_2-scaled-e1690270263362-500x500.jpg 500w, https:\/\/munirakil.com\/wp-content\/uploads\/2023\/07\/DSC_5704_2-scaled-e1690270263362-770x770.jpg 770w\" sizes=\"(max-width: 600px) 100vw, 600px\" \/><\/a><\/div><\/div>\t<\/div>\r\n\t<div class=\"pbminfotech-box-content\">\r\n\t\t<div class=\"pbminfotech-box-content-inner\">\r\n\t\t\t<h3 class=\"pbmit-team-title\"><a href=\"https:\/\/munirakil.com\/tr\/team-member\/bilgay-akil\/\">Bilgay Akil<\/a><\/h3>\r\n\t\t\t<div class=\"pbminfotech-team-position\">\r\n\t\t\t\t\t\t<div class=\"pbminfotech-box-team-position\">Avukat ve Ortak<\/div>\r\n\t\t\t\t\t<\/div>\r\n\t\t<\/div>\r\n\t<\/div>\r\n<\/div><\/article><article class=\"pbmit-ele pbmit-ele-team pbmit-team-style-2   pbmit-odd pbmit-col-odd\"><div class=\"pbminfotech-post-item\">\r\n\t<div class=\"pbminfotech-team-image-box\">\r\n\t\t<div class=\"pbminfotech-box-social-links\">\r\n\t\t\t\t\t<\/div>\r\n\t\t<div class=\"pbmit-featured-img-wrapper\"><div class=\"pbmit-featured-wrapper\"><a href=\"https:\/\/munirakil.com\/tr\/team-member\/yagmur-oranoglu\/\"><img loading=\"lazy\" decoding=\"async\" width=\"600\" height=\"600\" src=\"https:\/\/munirakil.com\/wp-content\/uploads\/2022\/10\/DSC_5698-scaled-e1685610021864-600x600.jpg\" class=\"attachment-pbmit-img-600x600 size-pbmit-img-600x600 wp-post-image\" alt=\"\" srcset=\"https:\/\/munirakil.com\/wp-content\/uploads\/2022\/10\/DSC_5698-scaled-e1685610021864-600x600.jpg 600w, https:\/\/munirakil.com\/wp-content\/uploads\/2022\/10\/DSC_5698-scaled-e1685610021864-150x150.jpg 150w, https:\/\/munirakil.com\/wp-content\/uploads\/2022\/10\/DSC_5698-scaled-e1685610021864-300x300.jpg 300w, https:\/\/munirakil.com\/wp-content\/uploads\/2022\/10\/DSC_5698-scaled-e1685610021864-500x500.jpg 500w, https:\/\/munirakil.com\/wp-content\/uploads\/2022\/10\/DSC_5698-scaled-e1685610021864-770x770.jpg 770w\" sizes=\"(max-width: 600px) 100vw, 600px\" \/><\/a><\/div><\/div>\t<\/div>\r\n\t<div class=\"pbminfotech-box-content\">\r\n\t\t<div class=\"pbminfotech-box-content-inner\">\r\n\t\t\t<h3 class=\"pbmit-team-title\"><a href=\"https:\/\/munirakil.com\/tr\/team-member\/yagmur-oranoglu\/\">Ya\u011fmur Orano\u011flu<\/a><\/h3>\r\n\t\t\t<div class=\"pbminfotech-team-position\">\r\n\t\t\t\t\t\t<div class=\"pbminfotech-box-team-position\">Avukat<\/div>\r\n\t\t\t\t\t<\/div>\r\n\t\t<\/div>\r\n\t<\/div>\r\n<\/div><\/article><article class=\"pbmit-ele pbmit-ele-team pbmit-team-style-2   pbmit-even pbmit-col-odd\"><div class=\"pbminfotech-post-item\">\r\n\t<div class=\"pbminfotech-team-image-box\">\r\n\t\t<div class=\"pbminfotech-box-social-links\">\r\n\t\t\t\t\t<\/div>\r\n\t\t<div class=\"pbmit-featured-img-wrapper\"><div class=\"pbmit-featured-wrapper\"><a href=\"https:\/\/munirakil.com\/tr\/team-member\/muge-kocatepe-cabacaba\/\"><img loading=\"lazy\" decoding=\"async\" width=\"600\" height=\"600\" src=\"https:\/\/munirakil.com\/wp-content\/uploads\/2023\/07\/DSC_5694-scaled-e1690270344447-600x600.jpg\" class=\"attachment-pbmit-img-600x600 size-pbmit-img-600x600 wp-post-image\" alt=\"\" srcset=\"https:\/\/munirakil.com\/wp-content\/uploads\/2023\/07\/DSC_5694-scaled-e1690270344447-600x600.jpg 600w, https:\/\/munirakil.com\/wp-content\/uploads\/2023\/07\/DSC_5694-scaled-e1690270344447-150x150.jpg 150w, https:\/\/munirakil.com\/wp-content\/uploads\/2023\/07\/DSC_5694-scaled-e1690270344447-300x300.jpg 300w, https:\/\/munirakil.com\/wp-content\/uploads\/2023\/07\/DSC_5694-scaled-e1690270344447-500x500.jpg 500w, https:\/\/munirakil.com\/wp-content\/uploads\/2023\/07\/DSC_5694-scaled-e1690270344447-770x770.jpg 770w\" sizes=\"(max-width: 600px) 100vw, 600px\" \/><\/a><\/div><\/div>\t<\/div>\r\n\t<div class=\"pbminfotech-box-content\">\r\n\t\t<div class=\"pbminfotech-box-content-inner\">\r\n\t\t\t<h3 class=\"pbmit-team-title\"><a href=\"https:\/\/munirakil.com\/tr\/team-member\/muge-kocatepe-cabacaba\/\">M\u00fcge Kocatepe Cabacaba<\/a><\/h3>\r\n\t\t\t<div class=\"pbminfotech-team-position\">\r\n\t\t\t\t\t\t<div class=\"pbminfotech-box-team-position\">Hukuk Asistan\u0131<\/div>\r\n\t\t\t\t\t<\/div>\r\n\t\t<\/div>\r\n\t<\/div>\r\n<\/div><\/article>\t\t\t\t<\/div> <!-- .swiper-wrapper -->\r\n\t\t\t\t\t\t\t<\/div>\r\n\t\t\t\r\n\t\t\r\n\t\t\r\n\t\t<\/div><!-- .pbmit-element-inner -->   <\/div><!-- .pbminfotech-element -->  \r\n\t    \t\t\t\t<\/div>\n\t\t\t\t<\/div>\n\t\t\t\t\t<\/div>\n\t\t<\/div>\n\t\t\t\t\t<\/div>\n\t\t<\/section>\n\t\t\t\t<\/div>\n\t\t","protected":false},"excerpt":{"rendered":"<p>Kuzey K\u0131br\u0131s Avukatlar, Ta\u015f\u0131nmaz Hukuk Uzmanlar\u0131 ve Hukuki Dan\u0131\u015fmanlar Munir Akil Hukuk B\u00fcrosu, Kuzey K\u0131br\u0131s&#8217;\u0131n en b\u00fcy\u00fck ve en sayg\u0131n hukuk b\u00fcrolar\u0131ndan biridir. Firmam\u0131z son derece nitelikli, deneyimli ve \u00f6zverili bir kadroya sahiptir ve Kuzey K\u0131br\u0131s&#8217;\u0131n Girne \u015fehrinde bulunmaktad\u0131r. 51 y\u0131ldan fazla deneyime sahip Munir Akil Hukuk B\u00fcrosu, m\u00fclkiyet hukuku, dava hukuku, aile hukuku, \u015firket [&hellip;]<\/p>\n","protected":false},"author":1,"featured_media":0,"parent":0,"menu_order":6,"comment_status":"closed","ping_status":"closed","template":"elementor_header_footer","meta":{"_acf_changed":false,"_themeisle_gutenberg_block_has_review":false,"footnotes":""},"class_list":["post-854","page","type-page","status-publish","hentry"],"acf":[],"_links":{"self":[{"href":"https:\/\/munirakil.com\/tr\/wp-json\/wp\/v2\/pages\/854","targetHints":{"allow":["GET"]}}],"collection":[{"href":"https:\/\/munirakil.com\/tr\/wp-json\/wp\/v2\/pages"}],"about":[{"href":"https:\/\/munirakil.com\/tr\/wp-json\/wp\/v2\/types\/page"}],"author":[{"embeddable":true,"href":"https:\/\/munirakil.com\/tr\/wp-json\/wp\/v2\/users\/1"}],"replies":[{"embeddable":true,"href":"https:\/\/munirakil.com\/tr\/wp-json\/wp\/v2\/comments?post=854"}],"version-history":[{"count":7,"href":"https:\/\/munirakil.com\/tr\/wp-json\/wp\/v2\/pages\/854\/revisions"}],"predecessor-version":[{"id":995,"href":"https:\/\/munirakil.com\/tr\/wp-json\/wp\/v2\/pages\/854\/revisions\/995"}],"wp:attachment":[{"href":"https:\/\/munirakil.com\/tr\/wp-json\/wp\/v2\/media?parent=854"}],"curies":[{"name":"wp","href":"https:\/\/api.w.org\/{rel}","templated":true}]}}