{"id":1070,"date":"2023-07-06T12:28:38","date_gmt":"2023-07-06T12:28:38","guid":{"rendered":"https:\/\/munirakil.com\/unser-team\/"},"modified":"2023-09-29T07:19:33","modified_gmt":"2023-09-29T07:19:33","slug":"unser-team","status":"publish","type":"page","link":"https:\/\/munirakil.com\/de\/unser-team\/","title":{"rendered":"Unser Team"},"content":{"rendered":"\t\t<div data-elementor-type=\"wp-page\" data-elementor-id=\"1070\" class=\"elementor elementor-1070 elementor-508\">\n\t\t\t\t\t\t<section class=\"elementor-section elementor-top-section elementor-element elementor-element-49cd67e pbmit-col-stretched-none pbmit-cursor-color-blackish-color pbmit-bg-color-over-image elementor-section-boxed elementor-section-height-default elementor-section-height-default\" data-id=\"49cd67e\" data-element_type=\"section\" data-e-type=\"section\">\n\t\t\t\t\t\t<div class=\"elementor-container elementor-column-gap-default\">\n\t\t\t\t\t<div class=\"elementor-column elementor-col-100 elementor-top-column elementor-element elementor-element-eea1710 pbmit-bg-color-over-image\" data-id=\"eea1710\" data-element_type=\"column\" data-e-type=\"column\">\n\t\t\t<div class=\"elementor-widget-wrap elementor-element-populated\">\n\t\t\t\t\t\t<div class=\"elementor-element elementor-element-107c49a pbmit-align-left elementor-widget elementor-widget-pbmit_heading\" data-id=\"107c49a\" data-element_type=\"widget\" data-e-type=\"widget\" data-widget_type=\"pbmit_heading.default\">\n\t\t\t\t<div class=\"elementor-widget-container\">\n\t\t\t\t\t\t<div class=\"pbmit-heading-subheading left  animation-style1\"><h2 class=\"pbmit-element-title\">\r\n\t\t\t\r\n\t\t\t\tWillkommen zu\r\n\t\t\t\r\n\t\t\t<\/h2>\r\n\t\t<h4 class=\"pbmit-element-subtitle\"><span>\r\n\t\t\t<\/span>\r\n\t\t\t\r\n\t\t\t\tAnwaltskanzlei Munir Akil\r\n\t\t\t\r\n\t\t\t<\/h4>\r\n\t\t<\/div>\t\t\t\t<\/div>\n\t\t\t\t<\/div>\n\t\t\t\t<div class=\"elementor-element elementor-element-1b44295 elementor-widget elementor-widget-text-editor\" data-id=\"1b44295\" data-element_type=\"widget\" data-e-type=\"widget\" data-widget_type=\"text-editor.default\">\n\t\t\t\t<div class=\"elementor-widget-container\">\n\t\t\t\t\t\t\t\t\t<p>Unser Team verf\u00fcgt \u00fcber jahrzehntelange Erfahrung und ist bestrebt, erstklassige Rechtsdienstleistungen zu erbringen und g\u00fcnstige Ergebnisse f\u00fcr unsere Mandanten zu erzielen. In der Anwaltskanzlei Munir Akil ist unser gesch\u00e4tztes Team von Rechtsexperten bestrebt, Ihnen in jeder rechtlichen Angelegenheit, die Ihnen in Nordzypern begegnen k\u00f6nnte, zu helfen. Von grundlegenden Dienstleistungen wie der Erstellung von Vollmachtsdokumenten bis hin zur Kl\u00e4rung komplexer rechtlicher Fragen unterst\u00fctzen wir Sie bei jedem Schritt des Prozesses und bei jedem Problem, das Sie in Nordzypern haben. In der Anwaltskanzlei Munir Akil sind wir stolz darauf, Klienten mit unterschiedlichem Hintergrund und unterschiedlicher Nationalit\u00e4t zu betreuen. Um eine effektive Kommunikation zu gew\u00e4hrleisten, spricht unser Team flie\u00dfend Englisch, T\u00fcrkisch und Russisch. Auf diese Weise k\u00f6nnen wir unsere internationalen Kunden individuell beraten und sicherstellen, dass sie die rechtlichen Abl\u00e4ufe und Auswirkungen in ihrer bevorzugten Sprache vollst\u00e4ndig verstehen.<\/p>\n<p>Unser Team besteht aus hochqualifizierten und sachkundigen Anw\u00e4lten, die sich auf verschiedene Rechtsgebiete spezialisiert haben. Vom Gesellschaftsrecht \u00fcber das Immobilienrecht, das Zivilrecht und das geistige Eigentum bis hin zum Familienrecht k\u00f6nnen wir dank unseres vielf\u00e4ltigen Fachwissens ein breites Spektrum von Rechtsangelegenheiten mit Pr\u00e4zision und Sachverstand bearbeiten.<\/p>\n<p>Wir wissen, dass jeder Kunde einzigartig ist, und wir nehmen uns die Zeit, seinen Anliegen, Zielen und Priorit\u00e4ten aufmerksam zuzuh\u00f6ren. Die Zusammenarbeit ist der Kern unserer Teamdynamik. Als Anw\u00e4lte f\u00fcr Gerechtigkeit gehen wir jeden Fall mit Integrit\u00e4t, Sorgfalt und einer unerm\u00fcdlichen Arbeitsmoral im besten Interesse unserer Mandanten an.<\/p>\n<p>Wenn Sie sich f\u00fcr unser Team entscheiden, k\u00f6nnen Sie sicher sein, dass Sie in kompetenten H\u00e4nden sind. Wir sind bereit, uns in Ihrem Namen durch die Komplexit\u00e4t des Rechtssystems in Nordzypern zu bewegen und Sie bei jedem Schritt mit unerm\u00fcdlichem Engagement und Fachwissen zu begleiten. Setzen Sie sich noch heute mit uns in Verbindung, um einen Beratungstermin zu vereinbaren, und erleben Sie den Unterschied, den unser Team f\u00fcr Sie machen kann.<\/p>\n<p>Ganz gleich, ob Sie Unterst\u00fctzung bei Immobilientransaktionen, Eigentums\u00fcbertragungen, der Erstellung von Testamenten, Nachlassangelegenheiten, zivilrechtlichen Streitigkeiten oder Familienangelegenheiten ben\u00f6tigen, unser Team bei Munir Akil ist f\u00fcr Sie da. Kontaktieren Sie uns noch heute f\u00fcr ein Beratungsgespr\u00e4ch, und lassen Sie sich von unserem Team bei der L\u00f6sung Ihrer rechtlichen Probleme unterst\u00fctzen.<\/p>\n\t\t\t\t\t\t\t\t<\/div>\n\t\t\t\t<\/div>\n\t\t\t\t\t<\/div>\n\t\t<\/div>\n\t\t\t\t\t<\/div>\n\t\t<\/section>\n\t\t\t\t<section class=\"elementor-section elementor-top-section elementor-element elementor-element-4f1f2a0 pbmit-col-stretched-both elementor-section-full_width pbmit-cursor-color-blackish-color pbmit-bg-color-over-image elementor-section-height-default elementor-section-height-default\" data-id=\"4f1f2a0\" data-element_type=\"section\" data-e-type=\"section\">\n\t\t\t\t\t\t<div class=\"elementor-container elementor-column-gap-default\">\n\t\t\t\t\t<div class=\"elementor-column elementor-col-100 elementor-top-column elementor-element elementor-element-076705b pbmit-bg-color-over-image\" data-id=\"076705b\" data-element_type=\"column\" data-e-type=\"column\">\n\t\t\t<div class=\"elementor-widget-wrap elementor-element-populated\">\n\t\t\t\t\t\t<div class=\"elementor-element elementor-element-a111d32 pbmit-align-left elementor-widget elementor-widget-pbmit_team_element\" data-id=\"a111d32\" data-element_type=\"widget\" data-e-type=\"widget\" data-widget_type=\"pbmit_team_element.default\">\n\t\t\t\t<div class=\"elementor-widget-container\">\n\t\t\t\t\t\r\n\t\t<div class=\"pbminfotech-element pbminfotech-element-team pbmit-element-team-style-2 pbmit-element-viewtype-row-column pbmit-element-sticky-carousel-false pbminfotech-gap-15px pbmit-infinite-scroll-no pbmit-infinite-scroll-button-no\" data-cpt=\"team\" data-totalpagination=\"1\" data-style=\"2\" data-show=\"6\" data-columns=\"3\" data-loop=\"false\" data-autoplay=\"false\" data-center=\"false\" data-nav=\"false\" data-dots=\"false\" data-reverse=\"false\" data-autoplayspeed=\"1000\" data-margin=\"15px\"><div class=\"pbmit-element-inner\"><div class=\"pbmit-infinite-scroll-data\">{\"cpt\":\"team\",\"style\":\"2\",\"show\":\"6\",\"order\":\"DESC\",\"orderby\":\"none\"}<\/div>\r\n\t\t\t<div class=\"pbmit-ele-header-area\">\r\n\t\t\t\t\t<div class=\"pbmit-heading-subheading left  animation-style4\"><h2 class=\"pbmit-element-title\">\r\n\t\t\t\r\n\t\t\t\tUnsere Teammitglieder\r\n\t\t\t\r\n\t\t\t<\/h2>\r\n\t\t<\/div>\r\n\t\t\t\t\r\n\t\t\t<\/div>\r\n\r\n\t\t\t<div class=\"pbmit-element-posts-wrapper \">\r\n\t\t\t\t<div class=\"swiper-wrapper row multi-columns-row\">\r\n\t\t\t\t\t<article class=\"pbmit-ele pbmit-ele-team pbmit-team-style-2   pbmit-odd pbmit-col-odd\"><div class=\"pbminfotech-post-item\">\r\n\t<div class=\"pbminfotech-team-image-box\">\r\n\t\t<div class=\"pbminfotech-box-social-links\">\r\n\t\t\t\t\t<\/div>\r\n\t\t<div class=\"pbmit-featured-img-wrapper\"><div class=\"pbmit-featured-wrapper\"><a href=\"https:\/\/munirakil.com\/de\/team-member\/muenir-akil\/\"><img fetchpriority=\"high\" decoding=\"async\" width=\"600\" height=\"600\" src=\"https:\/\/munirakil.com\/wp-content\/uploads\/2022\/10\/DSC_5710-scaled-e1685609832482-600x600.jpg\" class=\"attachment-pbmit-img-600x600 size-pbmit-img-600x600 wp-post-image\" alt=\"\" srcset=\"https:\/\/munirakil.com\/wp-content\/uploads\/2022\/10\/DSC_5710-scaled-e1685609832482-600x600.jpg 600w, https:\/\/munirakil.com\/wp-content\/uploads\/2022\/10\/DSC_5710-scaled-e1685609832482-150x150.jpg 150w, https:\/\/munirakil.com\/wp-content\/uploads\/2022\/10\/DSC_5710-scaled-e1685609832482-300x300.jpg 300w, https:\/\/munirakil.com\/wp-content\/uploads\/2022\/10\/DSC_5710-scaled-e1685609832482-500x500.jpg 500w, https:\/\/munirakil.com\/wp-content\/uploads\/2022\/10\/DSC_5710-scaled-e1685609832482-770x770.jpg 770w\" sizes=\"(max-width: 600px) 100vw, 600px\" \/><\/a><\/div><\/div>\t<\/div>\r\n\t<div class=\"pbminfotech-box-content\">\r\n\t\t<div class=\"pbminfotech-box-content-inner\">\r\n\t\t\t<h3 class=\"pbmit-team-title\"><a href=\"https:\/\/munirakil.com\/de\/team-member\/muenir-akil\/\">M\u00fcnir Akil<\/a><\/h3>\r\n\t\t\t<div class=\"pbminfotech-team-position\">\r\n\t\t\t\t\t\t\t<\/div>\r\n\t\t<\/div>\r\n\t<\/div>\r\n<\/div><\/article><article class=\"pbmit-ele pbmit-ele-team pbmit-team-style-2   pbmit-even pbmit-col-odd\"><div class=\"pbminfotech-post-item\">\r\n\t<div class=\"pbminfotech-team-image-box\">\r\n\t\t<div class=\"pbminfotech-box-social-links\">\r\n\t\t\t\t\t<\/div>\r\n\t\t<div class=\"pbmit-featured-img-wrapper\"><div class=\"pbmit-featured-wrapper\"><a href=\"https:\/\/munirakil.com\/de\/team-member\/bilgay-akil\/\"><img decoding=\"async\" width=\"600\" height=\"600\" src=\"https:\/\/munirakil.com\/wp-content\/uploads\/2023\/07\/DSC_5704_2-scaled-e1690270263362-600x600.jpg\" class=\"attachment-pbmit-img-600x600 size-pbmit-img-600x600 wp-post-image\" alt=\"\" srcset=\"https:\/\/munirakil.com\/wp-content\/uploads\/2023\/07\/DSC_5704_2-scaled-e1690270263362-600x600.jpg 600w, https:\/\/munirakil.com\/wp-content\/uploads\/2023\/07\/DSC_5704_2-scaled-e1690270263362-150x150.jpg 150w, https:\/\/munirakil.com\/wp-content\/uploads\/2023\/07\/DSC_5704_2-scaled-e1690270263362-300x300.jpg 300w, https:\/\/munirakil.com\/wp-content\/uploads\/2023\/07\/DSC_5704_2-scaled-e1690270263362-500x500.jpg 500w, https:\/\/munirakil.com\/wp-content\/uploads\/2023\/07\/DSC_5704_2-scaled-e1690270263362-770x770.jpg 770w\" sizes=\"(max-width: 600px) 100vw, 600px\" \/><\/a><\/div><\/div>\t<\/div>\r\n\t<div class=\"pbminfotech-box-content\">\r\n\t\t<div class=\"pbminfotech-box-content-inner\">\r\n\t\t\t<h3 class=\"pbmit-team-title\"><a href=\"https:\/\/munirakil.com\/de\/team-member\/bilgay-akil\/\">Bilgay Akil<\/a><\/h3>\r\n\t\t\t<div class=\"pbminfotech-team-position\">\r\n\t\t\t\t\t\t\t<\/div>\r\n\t\t<\/div>\r\n\t<\/div>\r\n<\/div><\/article><article class=\"pbmit-ele pbmit-ele-team pbmit-team-style-2   pbmit-odd pbmit-col-odd\"><div class=\"pbminfotech-post-item\">\r\n\t<div class=\"pbminfotech-team-image-box\">\r\n\t\t<div class=\"pbminfotech-box-social-links\">\r\n\t\t\t\t\t<\/div>\r\n\t\t<div class=\"pbmit-featured-img-wrapper\"><div class=\"pbmit-featured-wrapper\"><a href=\"https:\/\/munirakil.com\/de\/team-member\/yagmur-oranoglu\/\"><img decoding=\"async\" width=\"600\" height=\"600\" src=\"https:\/\/munirakil.com\/wp-content\/uploads\/2022\/10\/DSC_5698-scaled-e1685610021864-600x600.jpg\" class=\"attachment-pbmit-img-600x600 size-pbmit-img-600x600 wp-post-image\" alt=\"\" srcset=\"https:\/\/munirakil.com\/wp-content\/uploads\/2022\/10\/DSC_5698-scaled-e1685610021864-600x600.jpg 600w, https:\/\/munirakil.com\/wp-content\/uploads\/2022\/10\/DSC_5698-scaled-e1685610021864-150x150.jpg 150w, https:\/\/munirakil.com\/wp-content\/uploads\/2022\/10\/DSC_5698-scaled-e1685610021864-300x300.jpg 300w, https:\/\/munirakil.com\/wp-content\/uploads\/2022\/10\/DSC_5698-scaled-e1685610021864-500x500.jpg 500w, https:\/\/munirakil.com\/wp-content\/uploads\/2022\/10\/DSC_5698-scaled-e1685610021864-770x770.jpg 770w\" sizes=\"(max-width: 600px) 100vw, 600px\" \/><\/a><\/div><\/div>\t<\/div>\r\n\t<div class=\"pbminfotech-box-content\">\r\n\t\t<div class=\"pbminfotech-box-content-inner\">\r\n\t\t\t<h3 class=\"pbmit-team-title\"><a href=\"https:\/\/munirakil.com\/de\/team-member\/yagmur-oranoglu\/\">Ya\u011fmur Orano\u011flu<\/a><\/h3>\r\n\t\t\t<div class=\"pbminfotech-team-position\">\r\n\t\t\t\t\t\t\t<\/div>\r\n\t\t<\/div>\r\n\t<\/div>\r\n<\/div><\/article><article class=\"pbmit-ele pbmit-ele-team pbmit-team-style-2   pbmit-even pbmit-col-odd\"><div class=\"pbminfotech-post-item\">\r\n\t<div class=\"pbminfotech-team-image-box\">\r\n\t\t<div class=\"pbminfotech-box-social-links\">\r\n\t\t\t\t\t<\/div>\r\n\t\t<div class=\"pbmit-featured-img-wrapper\"><div class=\"pbmit-featured-wrapper\"><a href=\"https:\/\/munirakil.com\/de\/team-member\/muege-kocatepe-cabacaba\/\"><img loading=\"lazy\" decoding=\"async\" width=\"600\" height=\"600\" src=\"https:\/\/munirakil.com\/wp-content\/uploads\/2023\/07\/DSC_5694-scaled-e1690270344447-600x600.jpg\" class=\"attachment-pbmit-img-600x600 size-pbmit-img-600x600 wp-post-image\" alt=\"\" srcset=\"https:\/\/munirakil.com\/wp-content\/uploads\/2023\/07\/DSC_5694-scaled-e1690270344447-600x600.jpg 600w, https:\/\/munirakil.com\/wp-content\/uploads\/2023\/07\/DSC_5694-scaled-e1690270344447-150x150.jpg 150w, https:\/\/munirakil.com\/wp-content\/uploads\/2023\/07\/DSC_5694-scaled-e1690270344447-300x300.jpg 300w, https:\/\/munirakil.com\/wp-content\/uploads\/2023\/07\/DSC_5694-scaled-e1690270344447-500x500.jpg 500w, https:\/\/munirakil.com\/wp-content\/uploads\/2023\/07\/DSC_5694-scaled-e1690270344447-770x770.jpg 770w\" sizes=\"(max-width: 600px) 100vw, 600px\" \/><\/a><\/div><\/div>\t<\/div>\r\n\t<div class=\"pbminfotech-box-content\">\r\n\t\t<div class=\"pbminfotech-box-content-inner\">\r\n\t\t\t<h3 class=\"pbmit-team-title\"><a href=\"https:\/\/munirakil.com\/de\/team-member\/muege-kocatepe-cabacaba\/\">M\u00fcge Kocatepe Cabacaba<\/a><\/h3>\r\n\t\t\t<div class=\"pbminfotech-team-position\">\r\n\t\t\t\t\t\t\t<\/div>\r\n\t\t<\/div>\r\n\t<\/div>\r\n<\/div><\/article>\t\t\t\t<\/div> <!-- .swiper-wrapper -->\r\n\t\t\t\t\t\t\t<\/div>\r\n\t\t\t\r\n\t\t\r\n\t\t\r\n\t\t<\/div><!-- .pbmit-element-inner -->   <\/div><!-- .pbminfotech-element -->  \r\n\t    \t\t\t\t<\/div>\n\t\t\t\t<\/div>\n\t\t\t\t\t<\/div>\n\t\t<\/div>\n\t\t\t\t\t<\/div>\n\t\t<\/section>\n\t\t\t\t<\/div>\n\t\t","protected":false},"excerpt":{"rendered":"<p>Willkommen zu Anwaltskanzlei Munir Akil Unser Team verf\u00fcgt \u00fcber jahrzehntelange Erfahrung und ist bestrebt, erstklassige Rechtsdienstleistungen zu erbringen und g\u00fcnstige Ergebnisse f\u00fcr unsere Mandanten zu erzielen. In der Anwaltskanzlei Munir Akil ist unser gesch\u00e4tztes Team von Rechtsexperten bestrebt, Ihnen in jeder rechtlichen Angelegenheit, die Ihnen in Nordzypern begegnen k\u00f6nnte, zu helfen. Von grundlegenden Dienstleistungen wie [&hellip;]<\/p>\n","protected":false},"author":1,"featured_media":0,"parent":0,"menu_order":0,"comment_status":"closed","ping_status":"closed","template":"","meta":{"_acf_changed":false,"_themeisle_gutenberg_block_has_review":false,"footnotes":""},"class_list":["post-1070","page","type-page","status-publish","hentry"],"acf":[],"_links":{"self":[{"href":"https:\/\/munirakil.com\/de\/wp-json\/wp\/v2\/pages\/1070","targetHints":{"allow":["GET"]}}],"collection":[{"href":"https:\/\/munirakil.com\/de\/wp-json\/wp\/v2\/pages"}],"about":[{"href":"https:\/\/munirakil.com\/de\/wp-json\/wp\/v2\/types\/page"}],"author":[{"embeddable":true,"href":"https:\/\/munirakil.com\/de\/wp-json\/wp\/v2\/users\/1"}],"replies":[{"embeddable":true,"href":"https:\/\/munirakil.com\/de\/wp-json\/wp\/v2\/comments?post=1070"}],"version-history":[{"count":4,"href":"https:\/\/munirakil.com\/de\/wp-json\/wp\/v2\/pages\/1070\/revisions"}],"predecessor-version":[{"id":1456,"href":"https:\/\/munirakil.com\/de\/wp-json\/wp\/v2\/pages\/1070\/revisions\/1456"}],"wp:attachment":[{"href":"https:\/\/munirakil.com\/de\/wp-json\/wp\/v2\/media?parent=1070"}],"curies":[{"name":"wp","href":"https:\/\/api.w.org\/{rel}","templated":true}]}}