{"id":1028,"date":"2022-06-27T10:44:22","date_gmt":"2022-06-27T10:44:22","guid":{"rendered":"https:\/\/munirakil.com\/ueber-uns\/"},"modified":"2023-09-29T07:10:55","modified_gmt":"2023-09-29T07:10:55","slug":"ueber-uns","status":"publish","type":"page","link":"https:\/\/munirakil.com\/de\/ueber-uns\/","title":{"rendered":"\u00dcber uns"},"content":{"rendered":"\t\t<div data-elementor-type=\"wp-page\" data-elementor-id=\"1028\" class=\"elementor elementor-1028 elementor-75\">\n\t\t\t\t\t\t<section class=\"elementor-section elementor-top-section elementor-element elementor-element-8f18ea6 elementor-section-stretched pbmit-bg-color-yes pbmit-elementor-bg-color-white pbmit-col-stretched-none pbmit-cursor-color-blackish-color pbmit-bg-color-over-image elementor-section-boxed elementor-section-height-default elementor-section-height-default\" data-id=\"8f18ea6\" data-element_type=\"section\" data-e-type=\"section\" data-settings=\"{&quot;stretch_section&quot;:&quot;section-stretched&quot;,&quot;background_background&quot;:&quot;classic&quot;}\">\n\t\t\t\t\t\t<div class=\"elementor-container elementor-column-gap-no\">\n\t\t\t\t\t<div class=\"elementor-column elementor-col-50 elementor-top-column elementor-element elementor-element-771d16c pbmit-bg-color-over-image\" data-id=\"771d16c\" data-element_type=\"column\" data-e-type=\"column\">\n\t\t\t<div class=\"elementor-widget-wrap elementor-element-populated\">\n\t\t\t\t\t\t<div class=\"elementor-element elementor-element-63c5c13 pbmit-heading-style-1 pbmit-align-left elementor-widget elementor-widget-pbmit_heading\" data-id=\"63c5c13\" data-element_type=\"widget\" data-e-type=\"widget\" data-widget_type=\"pbmit_heading.default\">\n\t\t\t\t<div class=\"elementor-widget-container\">\n\t\t\t\t\t\t<div class=\"pbmit-heading-subheading left  animation-style2\"><h2 class=\"pbmit-element-title\">\r\n\t\t\t\r\n\t\t\t\tRechtsanw\u00e4lte, Transportunternehmen und Rechtsberater in Nordzypern\r\n\t\t\t\r\n\t\t\t<\/h2>\r\n\t\t<div class=\"pbmit-heading-desc\"><p>Die Anwaltskanzlei Munir Akil ist eine der gr\u00f6\u00dften und angesehensten Anwaltskanzleien in Nordzypern. Unser Unternehmen ist hochqualifiziert, erfahren und engagiert und hat seinen Sitz in Kyrenia, Nordzypern. Mit \u00fcber 51 Jahren Erfahrung hat sich die Anwaltskanzlei Munir Akil einen Ruf f\u00fcr Exzellenz in verschiedenen Bereichen erworben, darunter Eigentumsrecht, Rechtsstreitigkeiten, Familienrecht, Gesellschaftsrecht, Gesellschaftsrecht und Recht des geistigen Eigentums.\u201c<\/p>\n<p>\nUnsere Kanzlei ist auf Immobilien- und Eigentumsrecht spezialisiert, mit Schwerpunkt auf der \u00dcbertragung von Immobilien in Nordzypern, einschlie\u00dflich Wohn- und Gewerbeimmobilieninvestitionen. Wir arbeiten haupts\u00e4chlich mit Expatriates und ausl\u00e4ndischen Investoren zusammen und unterst\u00fctzen sie bei allen Gesch\u00e4ften in der T\u00fcrkischen Republik Nordzypern. Wir nehmen uns die Zeit, Ihre Bed\u00fcrfnisse zu verstehen und bieten hochwertige Rechtsberatung, damit Sie Immobilienangelegenheiten so reibungslos wie m\u00f6glich l\u00f6sen k\u00f6nnen. Unser Engagement f\u00fcr erstklassigen Kundenservice bedeutet, dass wir regelm\u00e4\u00dfig mit Ihnen kommunizieren und Sie w\u00e4hrend des gesamten Prozesses auf dem Laufenden halten. <\/p><\/div><\/div>\t\t\t\t<\/div>\n\t\t\t\t<\/div>\n\t\t\t\t<div class=\"elementor-element elementor-element-6cc4a8f pbmit-animation-none elementor-widget elementor-widget-image\" data-id=\"6cc4a8f\" data-element_type=\"widget\" data-e-type=\"widget\" data-widget_type=\"image.default\">\n\t\t\t\t<div class=\"elementor-widget-container\">\n\t\t\t\t\t\t\t\t\t\t\t\t\t\t\t<img fetchpriority=\"high\" decoding=\"async\" width=\"2560\" height=\"1707\" src=\"https:\/\/munirakil.com\/wp-content\/uploads\/2022\/10\/DSC_5681-scaled.jpg\" class=\"attachment-full size-full wp-image-274\" alt=\"\" srcset=\"https:\/\/munirakil.com\/wp-content\/uploads\/2022\/10\/DSC_5681-scaled.jpg 2560w, https:\/\/munirakil.com\/wp-content\/uploads\/2022\/10\/DSC_5681-300x200.jpg 300w, https:\/\/munirakil.com\/wp-content\/uploads\/2022\/10\/DSC_5681-1024x683.jpg 1024w, https:\/\/munirakil.com\/wp-content\/uploads\/2022\/10\/DSC_5681-768x512.jpg 768w, https:\/\/munirakil.com\/wp-content\/uploads\/2022\/10\/DSC_5681-1536x1024.jpg 1536w, https:\/\/munirakil.com\/wp-content\/uploads\/2022\/10\/DSC_5681-2048x1365.jpg 2048w, https:\/\/munirakil.com\/wp-content\/uploads\/2022\/10\/DSC_5681-900x600.jpg 900w, https:\/\/munirakil.com\/wp-content\/uploads\/2022\/10\/DSC_5681-770x513.jpg 770w\" sizes=\"(max-width: 2560px) 100vw, 2560px\" \/>\t\t\t\t\t\t\t\t\t\t\t\t\t\t\t<\/div>\n\t\t\t\t<\/div>\n\t\t\t\t<div class=\"elementor-element elementor-element-c3875fe pbmit-animation-none elementor-widget elementor-widget-image\" data-id=\"c3875fe\" data-element_type=\"widget\" data-e-type=\"widget\" data-widget_type=\"image.default\">\n\t\t\t\t<div class=\"elementor-widget-container\">\n\t\t\t\t\t\t\t\t\t\t\t\t\t\t\t<img decoding=\"async\" width=\"2560\" height=\"1707\" src=\"https:\/\/munirakil.com\/wp-content\/uploads\/2022\/10\/DSC_5714-scaled.jpg\" class=\"attachment-full size-full wp-image-279\" alt=\"\" srcset=\"https:\/\/munirakil.com\/wp-content\/uploads\/2022\/10\/DSC_5714-scaled.jpg 2560w, https:\/\/munirakil.com\/wp-content\/uploads\/2022\/10\/DSC_5714-300x200.jpg 300w, https:\/\/munirakil.com\/wp-content\/uploads\/2022\/10\/DSC_5714-1024x683.jpg 1024w, https:\/\/munirakil.com\/wp-content\/uploads\/2022\/10\/DSC_5714-768x512.jpg 768w, https:\/\/munirakil.com\/wp-content\/uploads\/2022\/10\/DSC_5714-1536x1024.jpg 1536w, https:\/\/munirakil.com\/wp-content\/uploads\/2022\/10\/DSC_5714-2048x1365.jpg 2048w, https:\/\/munirakil.com\/wp-content\/uploads\/2022\/10\/DSC_5714-900x600.jpg 900w, https:\/\/munirakil.com\/wp-content\/uploads\/2022\/10\/DSC_5714-770x513.jpg 770w\" sizes=\"(max-width: 2560px) 100vw, 2560px\" \/>\t\t\t\t\t\t\t\t\t\t\t\t\t\t\t<\/div>\n\t\t\t\t<\/div>\n\t\t\t\t\t<\/div>\n\t\t<\/div>\n\t\t\t\t<div class=\"elementor-column elementor-col-50 elementor-top-column elementor-element elementor-element-507318b pbmit-bg-color-over-image\" data-id=\"507318b\" data-element_type=\"column\" data-e-type=\"column\">\n\t\t\t<div class=\"elementor-widget-wrap elementor-element-populated\">\n\t\t\t\t\t\t<div class=\"elementor-element elementor-element-58994ec elementor-widget elementor-widget-pbmit_fid_element\" data-id=\"58994ec\" data-element_type=\"widget\" data-e-type=\"widget\" data-widget_type=\"pbmit_fid_element.default\">\n\t\t\t\t<div class=\"elementor-widget-container\">\n\t\t\t\t\t<div class=\"pbminfotech-ele pbminfotech-ele-fid pbminfotech-ele-fid-style-1 \"><div class=\"pbmit-fld-contents\">\r\n\t<div class=\"pbmit-fld-wrap\">\r\n\t\t\t\t\t<div class=\"pbmit-fid-title\">Since<\/div>\r\n\t\t\t\t<h4 class=\"pbmit-fid-inner \">\r\n\t\t\t<span class=\"pbmit-fid\"><\/span>\r\n\t\t\t<span class=\"pbmit-number-rotate\" data-appear-animation=\"animateDigits\" data-from=\"0\" data-to=\"1972\" data-interval=\"10\" data-before=\"\" data-before-style=\"\" data-after=\"\" data-after-style=\"\">\r\n\t\t\t\t\t1972\t\t\t<\/span>\r\n\t\t\t<span class=\"pbmit-fid\"><\/span>\r\n\t\t<\/h4>\r\n\r\n\t<\/div>\r\n<\/div><!-- .pbmit-fld-contents --><\/div>\t\t\t\t<\/div>\n\t\t\t\t<\/div>\n\t\t\t\t<div class=\"elementor-element elementor-element-4db2688 pbmit-animation-style2 elementor-widget elementor-widget-image\" data-id=\"4db2688\" data-element_type=\"widget\" data-e-type=\"widget\" data-widget_type=\"image.default\">\n\t\t\t\t<div class=\"elementor-widget-container\">\n\t\t\t\t\t\t\t\t\t\t\t\t\t\t\t<img decoding=\"async\" width=\"1707\" height=\"2560\" src=\"https:\/\/munirakil.com\/wp-content\/uploads\/2023\/06\/DSC_5559-scaled.jpg\" class=\"attachment-full size-full wp-image-223\" alt=\"\" srcset=\"https:\/\/munirakil.com\/wp-content\/uploads\/2023\/06\/DSC_5559-scaled.jpg 1707w, https:\/\/munirakil.com\/wp-content\/uploads\/2023\/06\/DSC_5559-200x300.jpg 200w, https:\/\/munirakil.com\/wp-content\/uploads\/2023\/06\/DSC_5559-683x1024.jpg 683w, https:\/\/munirakil.com\/wp-content\/uploads\/2023\/06\/DSC_5559-768x1152.jpg 768w, https:\/\/munirakil.com\/wp-content\/uploads\/2023\/06\/DSC_5559-1024x1536.jpg 1024w, https:\/\/munirakil.com\/wp-content\/uploads\/2023\/06\/DSC_5559-1365x2048.jpg 1365w, https:\/\/munirakil.com\/wp-content\/uploads\/2023\/06\/DSC_5559-770x1155.jpg 770w\" sizes=\"(max-width: 1707px) 100vw, 1707px\" \/>\t\t\t\t\t\t\t\t\t\t\t\t\t\t\t<\/div>\n\t\t\t\t<\/div>\n\t\t\t\t<div class=\"elementor-element elementor-element-9092765 pbmit-heading-style-1 pbmit-align-left elementor-widget elementor-widget-pbmit_heading\" data-id=\"9092765\" data-element_type=\"widget\" data-e-type=\"widget\" data-widget_type=\"pbmit_heading.default\">\n\t\t\t\t<div class=\"elementor-widget-container\">\n\t\t\t\t\t\t<div class=\"pbmit-heading-subheading left  animation-style2\"><div class=\"pbmit-heading-desc\"><p>F\u00fcr uns steht das Erreichen des besten Ergebnisses f\u00fcr unsere Mandanten an erster Stelle. Aus diesem Grund genie\u00dft die Anwaltskanzlei Munir Akil seit 1972 das Vertrauen von Privatpersonen und Unternehmen in Nordzypern und im Ausland Vereinigtes K\u00f6nigreich als Rechtsanw\u00e4lte und Anw\u00e4lte, die auch \u00fcber die t\u00fcrkisch-zypriotische Anwaltskammer in TRNC und der Republik Zypern qualifiziert sind. Die Anwaltskanzlei Munir Akil ist bestrebt, f\u00fcr unsere Mandanten Arbeit von absoluter Qualit\u00e4t zu liefern, wobei strikte Vertraulichkeit unser Hauptprinzip ist. Unser Personal besteht aus Fachleuten, die hochwertige Hilfe in Englisch, T\u00fcrkisch, Russisch und Deutsch leisten k\u00f6nnen. W\u00e4hrend sich unser Hauptsitz in Kyrenia befindet, verf\u00fcgen wir auch \u00fcber angeschlossene Anwaltskanzleien in ganz Zypern, um den umfangreichen Bed\u00fcrfnissen unserer Mandanten gerecht zu werden.<\/p>\n\n<p>Mit fast 51 Jahren stabiler und sorgf\u00e4ltiger Arbeit hat unsere Anwaltskanzlei erfolgreiche Gesch\u00e4ftsbeziehungen mit einer Vielzahl internationaler Unternehmen weltweit aufgebaut. Einige bemerkenswerte Beispiele sind Coca-Cola und Kunden aus der T\u00fcrkei, wie Alarko, Net Holding, Merit Groups, Kar\u00e7\u0131msa von Sabanc\u0131 Holding und viele andere.<\/p>\n\n<p>Der Gr\u00fcnder der Anwaltskanzlei Munir Akil ist Herr M\u00fcnir Akil, ein Rechtsanwalt. Er wurde 1972 in die Anwaltskammer berufen und verf\u00fcgt \u00fcber einen hervorragenden Hintergrund, da er als ehemaliger Staatsanwalt bei den Crown Prosecution Services in London, Vereinigtes K\u00f6nigreich, t\u00e4tig war und als leitender Bezirksrichter in T.R.N.C. (T\u00fcrkische Republik Nordzypern) im Ruhestand war.<\/p><\/div><\/div>\t\t\t\t<\/div>\n\t\t\t\t<\/div>\n\t\t\t\t\t<\/div>\n\t\t<\/div>\n\t\t\t\t\t<\/div>\n\t\t<\/section>\n\t\t\t\t<section class=\"elementor-section elementor-top-section elementor-element elementor-element-b284535 elementor-section-stretched elementor-section-full_width pbmit-col-stretched-none pbmit-cursor-color-blackish-color pbmit-bg-color-over-image elementor-section-height-default elementor-section-height-default\" data-id=\"b284535\" data-element_type=\"section\" data-e-type=\"section\" data-settings=\"{&quot;stretch_section&quot;:&quot;section-stretched&quot;}\">\n\t\t\t\t\t\t<div class=\"elementor-container elementor-column-gap-no\">\n\t\t\t\t\t<div class=\"elementor-column elementor-col-100 elementor-top-column elementor-element elementor-element-5939f28 pbmit-bg-color-over-image\" data-id=\"5939f28\" data-element_type=\"column\" data-e-type=\"column\">\n\t\t\t<div class=\"elementor-widget-wrap elementor-element-populated\">\n\t\t\t\t\t\t<div class=\"elementor-element elementor-element-4785395 pbmit-align-center pbmit-heading-style-1 elementor-invisible elementor-widget elementor-widget-pbmit_team_element\" data-id=\"4785395\" data-element_type=\"widget\" data-e-type=\"widget\" data-settings=\"{&quot;_animation&quot;:&quot;fadeIn&quot;}\" data-widget_type=\"pbmit_team_element.default\">\n\t\t\t\t<div class=\"elementor-widget-container\">\n\t\t\t\t\t\r\n\t\t<div class=\"pbminfotech-element pbminfotech-element-team pbmit-element-team-style-2 pbmit-element-viewtype-row-column pbmit-element-sticky-carousel-false pbminfotech-gap-15px pbmit-infinite-scroll-no pbmit-infinite-scroll-button-no\" data-cpt=\"team\" data-totalpagination=\"1\" data-style=\"2\" data-show=\"4\" data-columns=\"3\" data-loop=\"false\" data-autoplay=\"false\" data-center=\"false\" data-nav=\"false\" data-dots=\"false\" data-reverse=\"false\" data-autoplayspeed=\"1000\" data-margin=\"15px\"><div class=\"pbmit-element-inner\"><div class=\"pbmit-infinite-scroll-data\">{\"cpt\":\"team\",\"style\":\"2\",\"show\":4,\"order\":\"DESC\",\"orderby\":\"none\"}<\/div>\r\n\t\t\t<div class=\"pbmit-ele-header-area\">\r\n\t\t\t\t\t<div class=\"pbmit-heading-subheading center  animation-style1\"><h2 class=\"pbmit-element-title\">\r\n\t\t\t\r\n\t\t\t\tLernen Sie unser bestes Team kennen\r\n\t\t\t\r\n\t\t\t<\/h2>\r\n\t\t<\/div>\r\n\t\t\t\t\r\n\t\t\t<\/div>\r\n\r\n\t\t\t<div class=\"pbmit-element-posts-wrapper \">\r\n\t\t\t\t<div class=\"swiper-wrapper row multi-columns-row\">\r\n\t\t\t\t\t<article class=\"pbmit-ele pbmit-ele-team pbmit-team-style-2   pbmit-odd pbmit-col-odd\"><div class=\"pbminfotech-post-item\">\r\n\t<div class=\"pbminfotech-team-image-box\">\r\n\t\t<div class=\"pbminfotech-box-social-links\">\r\n\t\t\t\t\t<\/div>\r\n\t\t<div class=\"pbmit-featured-img-wrapper\"><div class=\"pbmit-featured-wrapper\"><a href=\"https:\/\/munirakil.com\/de\/team-member\/muenir-akil\/\"><img loading=\"lazy\" decoding=\"async\" width=\"600\" height=\"600\" src=\"https:\/\/munirakil.com\/wp-content\/uploads\/2022\/10\/DSC_5710-scaled-e1685609832482-600x600.jpg\" class=\"attachment-pbmit-img-600x600 size-pbmit-img-600x600 wp-post-image\" alt=\"\" srcset=\"https:\/\/munirakil.com\/wp-content\/uploads\/2022\/10\/DSC_5710-scaled-e1685609832482-600x600.jpg 600w, https:\/\/munirakil.com\/wp-content\/uploads\/2022\/10\/DSC_5710-scaled-e1685609832482-150x150.jpg 150w, https:\/\/munirakil.com\/wp-content\/uploads\/2022\/10\/DSC_5710-scaled-e1685609832482-300x300.jpg 300w, https:\/\/munirakil.com\/wp-content\/uploads\/2022\/10\/DSC_5710-scaled-e1685609832482-500x500.jpg 500w, https:\/\/munirakil.com\/wp-content\/uploads\/2022\/10\/DSC_5710-scaled-e1685609832482-770x770.jpg 770w\" sizes=\"(max-width: 600px) 100vw, 600px\" \/><\/a><\/div><\/div>\t<\/div>\r\n\t<div class=\"pbminfotech-box-content\">\r\n\t\t<div class=\"pbminfotech-box-content-inner\">\r\n\t\t\t<h3 class=\"pbmit-team-title\"><a href=\"https:\/\/munirakil.com\/de\/team-member\/muenir-akil\/\">M\u00fcnir Akil<\/a><\/h3>\r\n\t\t\t<div class=\"pbminfotech-team-position\">\r\n\t\t\t\t\t\t\t<\/div>\r\n\t\t<\/div>\r\n\t<\/div>\r\n<\/div><\/article><article class=\"pbmit-ele pbmit-ele-team pbmit-team-style-2   pbmit-even pbmit-col-odd\"><div class=\"pbminfotech-post-item\">\r\n\t<div class=\"pbminfotech-team-image-box\">\r\n\t\t<div class=\"pbminfotech-box-social-links\">\r\n\t\t\t\t\t<\/div>\r\n\t\t<div class=\"pbmit-featured-img-wrapper\"><div class=\"pbmit-featured-wrapper\"><a href=\"https:\/\/munirakil.com\/de\/team-member\/bilgay-akil\/\"><img loading=\"lazy\" decoding=\"async\" width=\"600\" height=\"600\" src=\"https:\/\/munirakil.com\/wp-content\/uploads\/2023\/07\/DSC_5704_2-scaled-e1690270263362-600x600.jpg\" class=\"attachment-pbmit-img-600x600 size-pbmit-img-600x600 wp-post-image\" alt=\"\" srcset=\"https:\/\/munirakil.com\/wp-content\/uploads\/2023\/07\/DSC_5704_2-scaled-e1690270263362-600x600.jpg 600w, https:\/\/munirakil.com\/wp-content\/uploads\/2023\/07\/DSC_5704_2-scaled-e1690270263362-150x150.jpg 150w, https:\/\/munirakil.com\/wp-content\/uploads\/2023\/07\/DSC_5704_2-scaled-e1690270263362-300x300.jpg 300w, https:\/\/munirakil.com\/wp-content\/uploads\/2023\/07\/DSC_5704_2-scaled-e1690270263362-500x500.jpg 500w, https:\/\/munirakil.com\/wp-content\/uploads\/2023\/07\/DSC_5704_2-scaled-e1690270263362-770x770.jpg 770w\" sizes=\"(max-width: 600px) 100vw, 600px\" \/><\/a><\/div><\/div>\t<\/div>\r\n\t<div class=\"pbminfotech-box-content\">\r\n\t\t<div class=\"pbminfotech-box-content-inner\">\r\n\t\t\t<h3 class=\"pbmit-team-title\"><a href=\"https:\/\/munirakil.com\/de\/team-member\/bilgay-akil\/\">Bilgay Akil<\/a><\/h3>\r\n\t\t\t<div class=\"pbminfotech-team-position\">\r\n\t\t\t\t\t\t\t<\/div>\r\n\t\t<\/div>\r\n\t<\/div>\r\n<\/div><\/article><article class=\"pbmit-ele pbmit-ele-team pbmit-team-style-2   pbmit-odd pbmit-col-odd\"><div class=\"pbminfotech-post-item\">\r\n\t<div class=\"pbminfotech-team-image-box\">\r\n\t\t<div class=\"pbminfotech-box-social-links\">\r\n\t\t\t\t\t<\/div>\r\n\t\t<div class=\"pbmit-featured-img-wrapper\"><div class=\"pbmit-featured-wrapper\"><a href=\"https:\/\/munirakil.com\/de\/team-member\/yagmur-oranoglu\/\"><img loading=\"lazy\" decoding=\"async\" width=\"600\" height=\"600\" src=\"https:\/\/munirakil.com\/wp-content\/uploads\/2022\/10\/DSC_5698-scaled-e1685610021864-600x600.jpg\" class=\"attachment-pbmit-img-600x600 size-pbmit-img-600x600 wp-post-image\" alt=\"\" srcset=\"https:\/\/munirakil.com\/wp-content\/uploads\/2022\/10\/DSC_5698-scaled-e1685610021864-600x600.jpg 600w, https:\/\/munirakil.com\/wp-content\/uploads\/2022\/10\/DSC_5698-scaled-e1685610021864-150x150.jpg 150w, https:\/\/munirakil.com\/wp-content\/uploads\/2022\/10\/DSC_5698-scaled-e1685610021864-300x300.jpg 300w, https:\/\/munirakil.com\/wp-content\/uploads\/2022\/10\/DSC_5698-scaled-e1685610021864-500x500.jpg 500w, https:\/\/munirakil.com\/wp-content\/uploads\/2022\/10\/DSC_5698-scaled-e1685610021864-770x770.jpg 770w\" sizes=\"(max-width: 600px) 100vw, 600px\" \/><\/a><\/div><\/div>\t<\/div>\r\n\t<div class=\"pbminfotech-box-content\">\r\n\t\t<div class=\"pbminfotech-box-content-inner\">\r\n\t\t\t<h3 class=\"pbmit-team-title\"><a href=\"https:\/\/munirakil.com\/de\/team-member\/yagmur-oranoglu\/\">Ya\u011fmur Orano\u011flu<\/a><\/h3>\r\n\t\t\t<div class=\"pbminfotech-team-position\">\r\n\t\t\t\t\t\t\t<\/div>\r\n\t\t<\/div>\r\n\t<\/div>\r\n<\/div><\/article><article class=\"pbmit-ele pbmit-ele-team pbmit-team-style-2   pbmit-even pbmit-col-odd\"><div class=\"pbminfotech-post-item\">\r\n\t<div class=\"pbminfotech-team-image-box\">\r\n\t\t<div class=\"pbminfotech-box-social-links\">\r\n\t\t\t\t\t<\/div>\r\n\t\t<div class=\"pbmit-featured-img-wrapper\"><div class=\"pbmit-featured-wrapper\"><a href=\"https:\/\/munirakil.com\/de\/team-member\/muege-kocatepe-cabacaba\/\"><img loading=\"lazy\" decoding=\"async\" width=\"600\" height=\"600\" src=\"https:\/\/munirakil.com\/wp-content\/uploads\/2023\/07\/DSC_5694-scaled-e1690270344447-600x600.jpg\" class=\"attachment-pbmit-img-600x600 size-pbmit-img-600x600 wp-post-image\" alt=\"\" srcset=\"https:\/\/munirakil.com\/wp-content\/uploads\/2023\/07\/DSC_5694-scaled-e1690270344447-600x600.jpg 600w, https:\/\/munirakil.com\/wp-content\/uploads\/2023\/07\/DSC_5694-scaled-e1690270344447-150x150.jpg 150w, https:\/\/munirakil.com\/wp-content\/uploads\/2023\/07\/DSC_5694-scaled-e1690270344447-300x300.jpg 300w, https:\/\/munirakil.com\/wp-content\/uploads\/2023\/07\/DSC_5694-scaled-e1690270344447-500x500.jpg 500w, https:\/\/munirakil.com\/wp-content\/uploads\/2023\/07\/DSC_5694-scaled-e1690270344447-770x770.jpg 770w\" sizes=\"(max-width: 600px) 100vw, 600px\" \/><\/a><\/div><\/div>\t<\/div>\r\n\t<div class=\"pbminfotech-box-content\">\r\n\t\t<div class=\"pbminfotech-box-content-inner\">\r\n\t\t\t<h3 class=\"pbmit-team-title\"><a href=\"https:\/\/munirakil.com\/de\/team-member\/muege-kocatepe-cabacaba\/\">M\u00fcge Kocatepe Cabacaba<\/a><\/h3>\r\n\t\t\t<div class=\"pbminfotech-team-position\">\r\n\t\t\t\t\t\t\t<\/div>\r\n\t\t<\/div>\r\n\t<\/div>\r\n<\/div><\/article>\t\t\t\t<\/div> <!-- .swiper-wrapper -->\r\n\t\t\t\t\t\t\t<\/div>\r\n\t\t\t\r\n\t\t\r\n\t\t\r\n\t\t<\/div><!-- .pbmit-element-inner -->   <\/div><!-- .pbminfotech-element -->  \r\n\t    \t\t\t\t<\/div>\n\t\t\t\t<\/div>\n\t\t\t\t\t<\/div>\n\t\t<\/div>\n\t\t\t\t\t<\/div>\n\t\t<\/section>\n\t\t\t\t<\/div>\n\t\t","protected":false},"excerpt":{"rendered":"<p>Rechtsanw\u00e4lte, Transportunternehmen und Rechtsberater in Nordzypern Die Anwaltskanzlei Munir Akil ist eine der gr\u00f6\u00dften und angesehensten Anwaltskanzleien in Nordzypern. Unser Unternehmen ist hochqualifiziert, erfahren und engagiert und hat seinen Sitz in Kyrenia, Nordzypern. Mit \u00fcber 51 Jahren Erfahrung hat sich die Anwaltskanzlei Munir Akil einen Ruf f\u00fcr Exzellenz in verschiedenen Bereichen erworben, darunter Eigentumsrecht, Rechtsstreitigkeiten, [&hellip;]<\/p>\n","protected":false},"author":1,"featured_media":0,"parent":0,"menu_order":6,"comment_status":"closed","ping_status":"closed","template":"elementor_header_footer","meta":{"_acf_changed":false,"_themeisle_gutenberg_block_has_review":false,"footnotes":""},"class_list":["post-1028","page","type-page","status-publish","hentry"],"acf":[],"_links":{"self":[{"href":"https:\/\/munirakil.com\/de\/wp-json\/wp\/v2\/pages\/1028","targetHints":{"allow":["GET"]}}],"collection":[{"href":"https:\/\/munirakil.com\/de\/wp-json\/wp\/v2\/pages"}],"about":[{"href":"https:\/\/munirakil.com\/de\/wp-json\/wp\/v2\/types\/page"}],"author":[{"embeddable":true,"href":"https:\/\/munirakil.com\/de\/wp-json\/wp\/v2\/users\/1"}],"replies":[{"embeddable":true,"href":"https:\/\/munirakil.com\/de\/wp-json\/wp\/v2\/comments?post=1028"}],"version-history":[{"count":9,"href":"https:\/\/munirakil.com\/de\/wp-json\/wp\/v2\/pages\/1028\/revisions"}],"predecessor-version":[{"id":1429,"href":"https:\/\/munirakil.com\/de\/wp-json\/wp\/v2\/pages\/1028\/revisions\/1429"}],"wp:attachment":[{"href":"https:\/\/munirakil.com\/de\/wp-json\/wp\/v2\/media?parent=1028"}],"curies":[{"name":"wp","href":"https:\/\/api.w.org\/{rel}","templated":true}]}}